{"id":2285,"date":"2018-01-02T05:03:51","date_gmt":"2018-01-02T05:03:51","guid":{"rendered":"http:\/\/demo2.drfuri.com\/martfury13\/?page_id=2285"},"modified":"2021-04-09T18:30:18","modified_gmt":"2021-04-09T18:30:18","slug":"deals-of-the-day","status":"publish","type":"page","link":"https:\/\/putinza.com\/web2\/deals-of-the-day\/","title":{"rendered":"Deals of the day"},"content":{"rendered":"\t\t<div data-elementor-type=\"wp-post\" data-elementor-id=\"2285\" class=\"elementor elementor-2285\">\n\t\t\t\t\t\t<section class=\"elementor-section elementor-top-section elementor-element elementor-element-2368a444 elementor-section-boxed elementor-section-height-default elementor-section-height-default\" data-id=\"2368a444\" data-element_type=\"section\" data-e-type=\"section\">\n\t\t\t\t\t\t<div class=\"elementor-container elementor-column-gap-default\">\n\t\t\t\t\t<div class=\"elementor-column elementor-col-100 elementor-top-column elementor-element elementor-element-3b770cf0\" data-id=\"3b770cf0\" data-element_type=\"column\" data-e-type=\"column\">\n\t\t\t<div class=\"elementor-widget-wrap\">\n\t\t\t\t\t\t\t<\/div>\n\t\t<\/div>\n\t\t\t\t\t<\/div>\n\t\t<\/section>\n\t\t\t\t<\/div>\n\t\t","protected":false},"excerpt":{"rendered":"<p>Ofertas del d\u00eda Finaliza en Ver todos -50%A\u00f1adir al carrito A\u00f1adir a la lista de deseos S\/0S\/0 Tablero Pl\u00e1stico CDP8PT libre de hal\u00f3geno IP65 Adosable Valorado en 5.00 de 501 -50%A\u00f1adir al carrito A\u00f1adir a la lista de deseos S\/0S\/0 Jack Modulares SL 110 LTT-J6BK Valorado en 3.00 de 501 -50%A\u00f1adir al carrito A\u00f1adir a&hellip;<\/p>\n","protected":false},"author":1,"featured_media":0,"parent":0,"menu_order":0,"comment_status":"closed","ping_status":"closed","template":"","meta":{"footnotes":""},"class_list":["post-2285","page","type-page","status-publish","hentry"],"_links":{"self":[{"href":"https:\/\/putinza.com\/web2\/wp-json\/wp\/v2\/pages\/2285","targetHints":{"allow":["GET"]}}],"collection":[{"href":"https:\/\/putinza.com\/web2\/wp-json\/wp\/v2\/pages"}],"about":[{"href":"https:\/\/putinza.com\/web2\/wp-json\/wp\/v2\/types\/page"}],"author":[{"embeddable":true,"href":"https:\/\/putinza.com\/web2\/wp-json\/wp\/v2\/users\/1"}],"replies":[{"embeddable":true,"href":"https:\/\/putinza.com\/web2\/wp-json\/wp\/v2\/comments?post=2285"}],"version-history":[{"count":3,"href":"https:\/\/putinza.com\/web2\/wp-json\/wp\/v2\/pages\/2285\/revisions"}],"predecessor-version":[{"id":4960,"href":"https:\/\/putinza.com\/web2\/wp-json\/wp\/v2\/pages\/2285\/revisions\/4960"}],"wp:attachment":[{"href":"https:\/\/putinza.com\/web2\/wp-json\/wp\/v2\/media?parent=2285"}],"curies":[{"name":"wp","href":"https:\/\/api.w.org\/{rel}","templated":true}]}}