{"id":34,"date":"2013-06-07T10:52:06","date_gmt":"2013-06-07T10:52:06","guid":{"rendered":"http:\/\/demo.woothemes.com\/woocommerce\/?post_type=product&#038;p=34"},"modified":"2022-09-06T17:08:16","modified_gmt":"2022-09-06T17:08:16","slug":"cable-azul-ltt-pc6-2-rj45-patch-cord-cat-6-23-awg-sin-blindaje-cm-pvc-lszh-cero-halogenos-2m","status":"publish","type":"product","link":"https:\/\/putinza.com\/web2\/product\/cable-azul-ltt-pc6-2-rj45-patch-cord-cat-6-23-awg-sin-blindaje-cm-pvc-lszh-cero-halogenos-2m\/","title":{"rendered":"Patch Cord Cat.6 de 1.5m- Azul.  Cobre Puro de 26 AWG  LSZH. LT-PC6-1.5"},"content":{"rendered":"<h4>DESCRIPCI\u00d3N DEL PRODUCTO:<\/h4>\n<p><strong>El cable de red delgado Cat6 es una soluci\u00f3n perfecta para aplicaciones de centros de datos de alta densidad. Gracias a su tama\u00f1o m\u00e1s reducido, \u00e9ste ayuda a aliviar la congesti\u00f3n y mejora el flujo de aire en los racks.<\/strong><\/p>\n<ul>\n<li>Cables de conexi\u00f3n de alto rendimiento que superan los est\u00e1ndares de la industria.<\/li>\n<li>Est\u00e1ndar industrial LSZH (<span class=\"value\" data-v-32317232=\"\">Cero emisiones de gases hal\u00f3genos, retardantes a la llama y bajo humo)<\/span><\/li>\n<li>El cable de 26AWG y el dise\u00f1o de bota estrecha\u00a0 ocupan menos espacio que los cables de 23~24AWG.<\/li>\n<li>Conectores RJ45, mismo dimensional del plug RJ-45 para evitar da\u00f1os en la conexi\u00f3n y proteger de la desconexi\u00f3n accidental en el sitio de trabajo.<\/li>\n<li>Supera las normas TIA\/EIA 568B e ISO\/IEC 11801 categor\u00eda 6.<\/li>\n<li>Rendimiento probado con Fluke y cableado T568B.<\/li>\n<\/ul>\n<h5>ESPECIFICACIONES<\/h5>\n<div class=\"item\" data-v-32317232=\"\">\n<ul>\n<li><span class=\"name\" data-v-32317232=\"\">Tipo de cable:\u00a0 \u00a0 \u00a0 \u00a0 \u00a0 \u00a0 \u00a0 \u00a0 \u00a0 \u00a0 \u00a0 \u00a0 \u00a0 \u00a0 \u00a0<\/span>Cat6 delgado.<\/li>\n<li>Tipo de blindaje:\u00a0 \u00a0 \u00a0 \u00a0 \u00a0 \u00a0 \u00a0 \u00a0 \u00a0 \u00a0 \u00a0 \u00a0 \u00a0Sin blindaje (UTP)<\/li>\n<li class=\"item_name\"><span class=\"name\" data-v-32317232=\"\">Cubierta de cable:\u00a0 \u00a0 \u00a0 \u00a0 \u00a0 \u00a0 \u00a0 \u00a0 \u00a0 \u00a0 \u00a0 LSZH<\/span><span class=\"value\" data-v-32317232=\"\"> (low smoke Zero Halogen)<\/span><\/li>\n<li class=\"item_name\">Longitud:\u00a0 \u00a0 \u00a0 \u00a0 \u00a0 \u00a0 \u00a0 \u00a0 \u00a0 \u00a0 \u00a0 \u00a0 \u00a0 \u00a0 \u00a0 \u00a0 \u00a0 \u00a01.5 Metro.<\/li>\n<li class=\"item_name\">Material de conductor:\u00a0 \u00a0 \u00a0 \u00a0 \u00a0 \u00a0 \u00a0 \u00a0 <span class=\"value\" data-v-32317232=\"\">Cobre puro, libre de ox\u00edgeno<\/span><\/li>\n<li>\n<div class=\"item_name\" data-v-32317232=\"\"><span class=\"name\" data-v-32317232=\"\">Gauge (AWG):\u00a0 \u00a0 \u00a0 \u00a0 \u00a0 \u00a0 \u00a0 \u00a0 \u00a0 \u00a0 \u00a0 \u00a0 \u00a0 \u00a0 \u00a0<\/span><span class=\"value\" data-v-32317232=\"\">26<\/span><\/div>\n<\/li>\n<li class=\"item_name\">Tipo de conductor:\u00a0 \u00a0 \u00a0 \u00a0 \u00a0 \u00a0 \u00a0 \u00a0 \u00a0 \u00a0 \u00a0<span class=\"value\" data-v-32317232=\"\">Par trenzado<\/span><\/li>\n<li class=\"item_name\">Pares torcidos:\u00a0 \u00a0 \u00a0 \u00a0 \u00a0 \u00a0 \u00a0 \u00a0 \u00a0 \u00a0 \u00a0 \u00a0 \u00a0 \u00a0<span class=\"value\" data-v-32317232=\"\">4 pares<\/span><\/li>\n<li class=\"item_name\">Esquema:\u00a0 \u00a0 \u00a0 \u00a0 \u00a0 \u00a0 \u00a0 \u00a0 \u00a0 \u00a0 \u00a0 \u00a0 \u00a0 \u00a0 \u00a0 \u00a0 \u00a0 <span class=\"value\" data-v-32317232=\"\">T568B, <\/span><\/li>\n<li class=\"item_name\">Est\u00e1ndar:\u00a0 \u00a0 \u00a0 \u00a0 \u00a0 \u00a0 \u00a0 \u00a0 \u00a0 \u00a0 \u00a0 \u00a0 \u00a0 \u00a0 \u00a0 \u00a0 \u00a0 <span class=\"value\" data-v-32317232=\"\">ISO\/IEC 11801, TIA\/EIA -568B.<\/span><\/li>\n<li class=\"item_name\">Temperatura de funcionamiento: <span class=\"value\" data-v-32317232=\"\">-20 a +60\u00b0C (-4 a 140\u00b0F)<\/span><\/li>\n<li class=\"item_name\">Temperatura de instalaci\u00f3n:\u00a0 \u00a0 \u00a0 \u00a0 <span class=\"value\" data-v-32317232=\"\">-10 a +50\u00b0C (14 a 122\u00b0F)<\/span><\/li>\n<li class=\"item_name\">Humedad relativa:\u00a0 \u00a0 \u00a0 \u00a0 \u00a0 \u00a0 \u00a0 \u00a0 \u00a0 \u00a0 \u00a0 Hasta 93% , sin condensaci\u00f3n<\/li>\n<\/ul>\n<\/div>\n","protected":false},"excerpt":{"rendered":"<ul>\n<li><span class=\"name\" data-v-32317232=\"\">Tipo de cable:\u00a0 \u00a0 \u00a0 \u00a0 \u00a0 \u00a0 \u00a0 \u00a0 \u00a0 \u00a0 \u00a0 \u00a0 \u00a0 \u00a0 \u00a0<\/span>Cat6 delgado.<\/li>\n<li class=\"item_name\"><span class=\"name\" data-v-32317232=\"\">Cubierta de cable:\u00a0 \u00a0 \u00a0 \u00a0 \u00a0 \u00a0 \u00a0 \u00a0 \u00a0 \u00a0 \u00a0 LSZH<\/span><span class=\"value\" data-v-32317232=\"\"> (low smoke Zero Halogen)<\/span><\/li>\n<li class=\"item_name\">Longitud:\u00a0 \u00a0 \u00a0 \u00a0 \u00a0 \u00a0 \u00a0 \u00a0 \u00a0 \u00a0 \u00a0 \u00a0 \u00a0 \u00a0 \u00a0 \u00a0 \u00a0 \u00a01.5 Metro.<\/li>\n<li class=\"item_name\">Material de conductor:\u00a0 \u00a0 \u00a0 \u00a0 \u00a0 \u00a0 \u00a0 \u00a0 <span class=\"value\" data-v-32317232=\"\">Cobre puro, libre de ox\u00edgeno.<\/span><\/li>\n<li><span class=\"name\" data-v-32317232=\"\">Gauge (AWG):\u00a0 \u00a0 \u00a0 \u00a0 \u00a0 \u00a0 \u00a0 \u00a0 \u00a0 \u00a0 \u00a0 \u00a0 \u00a0 \u00a0 \u00a0<\/span><span class=\"value\" data-v-32317232=\"\">26<\/span><\/li>\n<li>Est\u00e1ndar:\u00a0 \u00a0 \u00a0 \u00a0 \u00a0 \u00a0 \u00a0 \u00a0 \u00a0 \u00a0 \u00a0 \u00a0 \u00a0 \u00a0 \u00a0 \u00a0 \u00a0 <span class=\"value\" data-v-32317232=\"\">ISO\/IEC 11801, TIA\/EIA -568B.<\/span><\/li>\n<\/ul>\n","protected":false},"featured_media":5547,"comment_status":"open","ping_status":"closed","template":"","meta":[],"product_brand":[146],"product_cat":[143,290,15],"product_tag":[185,261,264,144,145],"class_list":{"0":"post-34","1":"product","2":"type-product","3":"status-publish","4":"has-post-thumbnail","6":"product_brand-lt-usa","7":"product_cat-patch-cord-26-awg-lszh","8":"product_cat-patch-cord-utp-cat6","9":"product_cat-todaslascategorias","10":"product_tag-lt-usa","11":"product_tag-patch-cord","12":"product_tag-patch-cord-1-5-metros","13":"product_tag-tecnologia","14":"product_tag-telecomunicaciones","16":"first","17":"instock","18":"taxable","19":"shipping-taxable","20":"product-type-grouped","21":"col-xs-6 col-sm-4","22":"col-md-3 col-lg-3","23":"un-4-cols"},"_links":{"self":[{"href":"https:\/\/putinza.com\/web2\/wp-json\/wp\/v2\/product\/34","targetHints":{"allow":["GET"]}}],"collection":[{"href":"https:\/\/putinza.com\/web2\/wp-json\/wp\/v2\/product"}],"about":[{"href":"https:\/\/putinza.com\/web2\/wp-json\/wp\/v2\/types\/product"}],"replies":[{"embeddable":true,"href":"https:\/\/putinza.com\/web2\/wp-json\/wp\/v2\/comments?post=34"}],"wp:featuredmedia":[{"embeddable":true,"href":"https:\/\/putinza.com\/web2\/wp-json\/wp\/v2\/media\/5547"}],"wp:attachment":[{"href":"https:\/\/putinza.com\/web2\/wp-json\/wp\/v2\/media?parent=34"}],"wp:term":[{"taxonomy":"product_brand","embeddable":true,"href":"https:\/\/putinza.com\/web2\/wp-json\/wp\/v2\/product_brand?post=34"},{"taxonomy":"product_cat","embeddable":true,"href":"https:\/\/putinza.com\/web2\/wp-json\/wp\/v2\/product_cat?post=34"},{"taxonomy":"product_tag","embeddable":true,"href":"https:\/\/putinza.com\/web2\/wp-json\/wp\/v2\/product_tag?post=34"}],"curies":[{"name":"wp","href":"https:\/\/api.w.org\/{rel}","templated":true}]}}