{"id":40,"date":"2013-06-07T11:00:28","date_gmt":"2013-06-07T11:00:28","guid":{"rendered":"http:\/\/demo.woothemes.com\/woocommerce\/?post_type=product&#038;p=40"},"modified":"2022-07-10T00:19:04","modified_gmt":"2022-07-10T00:19:04","slug":"jack-modulares-sl-110-ltt-j6rd","status":"publish","type":"product","link":"https:\/\/putinza.com\/web2\/product\/jack-modulares-sl-110-ltt-j6rd\/","title":{"rendered":"Jack Modulares SL 110 LTT-J6RD"},"content":{"rendered":"<h4>CLASIFICACI\u00d3N DEL PRODUCTO:<\/h4>\n<ul>\n<li>Disponibilidad regional: Asia \/ Australia \/ New Zeland \/ EMEA \/ Lat\u00edn Am\u00e9rica<\/li>\n<li>Tipo de producto: Modular Jack<\/li>\n<li>Serie del producto: LTT-J6 Series<\/li>\n<\/ul>\n<h4>ESPECIFICACIONES GENERALES:<\/h4>\n<ul>\n<li>Categor\u00eda TIA \/ EIA \/ CPR: Cat 6<\/li>\n<li>Tipo de Cable: Sin blindaje<\/li>\n<li>Tipo de Conductor: S\u00f3lido<\/li>\n<li>Montaje: Para placas frontales y paneles<\/li>\n<li>Nota de montaje: Los colores con LTT-Style o las placas frontales y cajas de montaje en superficie<\/li>\n<li>Caracter\u00edstica de salida: Cara de chaqueta invertida<\/li>\n<li>Tipo de salida: Standard<\/li>\n<li>Recorte de panel (recomendado): 14.78 x 20.07 mm (0.58\u00a0 0.79 in)<\/li>\n<li>Terminaci\u00f3n a presi\u00f3n (m\u00ednimo): 200 veces<\/li>\n<li>Herramienta de terminaci\u00f3n: Universal<\/li>\n<li>Tipo de terminaci\u00f3n: IDC<\/li>\n<li>St\u00e1ndares de transmisi\u00f3n: TIA\/EIA-568-C.2 \u2013 CPR EN 50575:2015+A1:2016<\/li>\n<li>Alambrado: T568A \u2013 T568B<\/li>\n<\/ul>\n<h4>DIMENSIONES:<\/h4>\n<ul>\n<li>Altura: 16.13mm \/ 0.635 in<\/li>\n<li>Ancho: 14.48mm \/ 0.57 in<\/li>\n<li>Profundidad: 30.48mm \/ 1.2 in<\/li>\n<li>Di\u00e1metro del conductor (MAX.): 1.45mm \/ 0.057 in<\/li>\n<li>Espesor de panel (recomendado): 1.27 um<\/li>\n<li>Espesor del revestimiento: 1.6 mm \/ 0.063 in<\/li>\n<li>Calibre compatible s\u00f3lido: 24-22 AWG<\/li>\n<li>Calibre compatible trenzado: 26-24 AWG<\/li>\n<\/ul>\n<h4>ESPECIFICACIONES EL\u00c9CTRICAS:<\/h4>\n<ul>\n<li>Variaci\u00f3n de la resistencia de contacto (MAX.): 20 m0hm<\/li>\n<li>Resistencia de contacto (MAX.): 100 m0hm<\/li>\n<li>Resistencia a una temperatura de: 1.5 A a 20\u00baC \/1.5 A 68\u00baF<\/li>\n<li>Voltaje de Resistencia Diel\u00e9ctrica, RMS, Superficie conductora: 1500 V CA a 60 Hz<\/li>\n<li>Voltaje de resistencia diel\u00e9ctrica, RMS, contacto a contacto: 1000 V CA a 60 Hz<\/li>\n<li>Resistencia de aislamiento (MIN.): 500 m0hm<\/li>\n<li>Alimentaci\u00f3n remota: Admite la entrega segura de energ\u00eda a trav\u00e9s del cableado LAN descrito por IEEE 802.3bt (Tipo 4) y cumple con los requisitos de desacoplamiento bajo carga el\u00e9ctrica prescritos por ICE 60512-99-002<\/li>\n<li>Clasificaci\u00f3n de voltaje de seguridad: 26-24 AWG<\/li>\n<\/ul>\n<h4>ESPECIFICACIONES MATERIALES:<\/h4>\n<ul>\n<li>Material de la base de contacto: Cobre<\/li>\n<li>Material de revestimiento de contacto: Oro<\/li>\n<li>Tipo de material: Policarbonato<\/li>\n<li>Revestimiento de contacto de terminaci\u00f3n: Esta\u00f1o<\/li>\n<\/ul>\n<h4>ESPECIFICACIONES MEC\u00c1NICAS:<\/h4>\n<ul>\n<li>Vida \u00fatil de inserci\u00f3n del enchufe (MIN.): 750 veces<\/li>\n<li>Vida \u00fatil de inserci\u00f3n del enchufe de prueba: Enchufe compatible con IEC 60603-7<\/li>\n<li>Fuerza de retenci\u00f3n del enchufe (MIN.): 50 N \/ 11.24 libras<\/li>\n<\/ul>\n<h4>ESPECIFICACIONES AMBIENTALES:<\/h4>\n<ul>\n<li>Temperatura de funcionamiento: -10\u00baC a + 60\u00baC (+ 14\u00baF a 140\u00baF)<\/li>\n<li>Clasificaci\u00f3n de inflamabilidad: UL 90 V-0<\/li>\n<li>Normas de seguridad: ROHS \/ CPR \/ CE \/ ETL \/ ROHS<\/li>\n<\/ul>\n<h4>EMBALAJE Y PESOS:<\/h4>\n<ul>\n<li>Incluido: Tap\u00f3n de alivio de tensi\u00f3n<\/li>\n<li>Cantidad de embalaje: 1<\/li>\n<li>Tipo de embalaje: Bolsa<\/li>\n<\/ul>\n<h4>CUMPLIMIENTO NORMATIVO \/ CERTIFICACIONES:<\/h4>\n<ul>\n<li>CHINA &#8211; ROHS \/ CPR \/ ROHS \/ CE \/ ETL<\/li>\n<\/ul>\n<p><img decoding=\"async\" class=\"alignnone  wp-image-4782\" src=\"https:\/\/ltusaperu.com\/wp-content\/uploads\/2013\/06\/check.png\" alt=\"\" width=\"99\" height=\"73\" \/><img decoding=\"async\" class=\"alignnone  wp-image-4670\" src=\"https:\/\/ltusaperu.com\/wp-content\/uploads\/2021\/03\/cpr.png\" alt=\"\" width=\"88\" height=\"73\" \/><img decoding=\"async\" class=\"alignnone  wp-image-4532\" src=\"https:\/\/ltusaperu.com\/wp-content\/uploads\/2021\/03\/rosh-1.png\" alt=\"\" width=\"102\" height=\"48\" \/><img loading=\"lazy\" decoding=\"async\" class=\"alignnone  wp-image-4534\" src=\"https:\/\/ltusaperu.com\/wp-content\/uploads\/2021\/03\/ce.png\" alt=\"\" width=\"63\" height=\"50\" \/><img loading=\"lazy\" decoding=\"async\" class=\"alignnone  wp-image-4672\" src=\"https:\/\/ltusaperu.com\/wp-content\/uploads\/2021\/03\/etl.png\" alt=\"\" width=\"76\" height=\"72\" \/><\/p>\n","protected":false},"excerpt":{"rendered":"<ul>\n<li>Categor\u00eda TIA \/ EIA \/ CPR: Cat 6<\/li>\n<li>Tipo de Cable: Sin blindaje<\/li>\n<li>Tipo de Conductor: S\u00f3lido<\/li>\n<li>Montaje: Para placas frontales y paneles<\/li>\n<li>Nota de montaje: Los colores con LTT-Style o las placas frontales y cajas de montaje en superficie<\/li>\n<li>Caracter\u00edstica de salida: Cara de chaqueta invertida<\/li>\n<li>Tipo de salida: Standard<\/li>\n<\/ul>\n","protected":false},"featured_media":4182,"comment_status":"open","ping_status":"closed","template":"","meta":[],"product_brand":[146],"product_cat":[80],"product_tag":[95,144,145],"class_list":{"0":"post-40","1":"product","2":"type-product","3":"status-publish","4":"has-post-thumbnail","6":"product_brand-lt-usa","7":"product_cat-jack-dado-y-poncheo","8":"product_tag-technologies","9":"product_tag-tecnologia","10":"product_tag-telecomunicaciones","12":"first","13":"instock","14":"taxable","15":"shipping-taxable","16":"purchasable","17":"product-type-simple","18":"col-xs-6 col-sm-4","19":"col-md-3 col-lg-3","20":"un-4-cols"},"_links":{"self":[{"href":"https:\/\/putinza.com\/web2\/wp-json\/wp\/v2\/product\/40","targetHints":{"allow":["GET"]}}],"collection":[{"href":"https:\/\/putinza.com\/web2\/wp-json\/wp\/v2\/product"}],"about":[{"href":"https:\/\/putinza.com\/web2\/wp-json\/wp\/v2\/types\/product"}],"replies":[{"embeddable":true,"href":"https:\/\/putinza.com\/web2\/wp-json\/wp\/v2\/comments?post=40"}],"wp:featuredmedia":[{"embeddable":true,"href":"https:\/\/putinza.com\/web2\/wp-json\/wp\/v2\/media\/4182"}],"wp:attachment":[{"href":"https:\/\/putinza.com\/web2\/wp-json\/wp\/v2\/media?parent=40"}],"wp:term":[{"taxonomy":"product_brand","embeddable":true,"href":"https:\/\/putinza.com\/web2\/wp-json\/wp\/v2\/product_brand?post=40"},{"taxonomy":"product_cat","embeddable":true,"href":"https:\/\/putinza.com\/web2\/wp-json\/wp\/v2\/product_cat?post=40"},{"taxonomy":"product_tag","embeddable":true,"href":"https:\/\/putinza.com\/web2\/wp-json\/wp\/v2\/product_tag?post=40"}],"curies":[{"name":"wp","href":"https:\/\/api.w.org\/{rel}","templated":true}]}}