{"id":4686,"date":"2021-03-21T05:09:46","date_gmt":"2021-03-21T05:09:46","guid":{"rendered":"https:\/\/ltusaperu.com\/?post_type=product&#038;p=4686"},"modified":"2021-03-23T06:46:23","modified_gmt":"2021-03-23T06:46:23","slug":"gabinete-de-pared-lt-2401-20ru-1-00mts-x-60cm-x-51cm","status":"publish","type":"product","link":"https:\/\/putinza.com\/web2\/product\/gabinete-de-pared-lt-2401-20ru-1-00mts-x-60cm-x-51cm\/","title":{"rendered":"Gabinete de Pared LT-2401 20RU 1.00mts x 60cm x 51cm"},"content":{"rendered":"<h4>CARACTER\u00cdSTICAS T\u00c9CNICAS:<\/h4>\n<p>&#8211; Marca: LT USA<br \/>\n&#8211; Estructura:\u00a0 Acero laminado al frio, 1.20mm de espesor.<br \/>\n&#8211; Acabado: Pintura de polvo electrost\u00e1tica en color negro,\u00a0 con procesamiento sellado desoxidante y fosfatizado al horno.<br \/>\n&#8211; Acceso en la parte superior e inferior para el ingreso de cables.<br \/>\n&#8211; Perforaci\u00f3n superior para la instalaci\u00f3n del kit de ventilaci\u00f3n.<br \/>\n&#8211; Puerta frontal: Centro de vidrio de 4.00mm. de espesor color bronce + chapa simple.<br \/>\n&#8211; Puerta posterior: Abatible + chapa lateral simple lateral.<\/p>\n<h4>DIMENSIONES:<\/h4>\n<p>&#8211; Alto: 1.00 mts<br \/>\n&#8211; Ancho: 60 cm<br \/>\n&#8211; Prof: 51 cm<\/p>\n<h4>INCLUYE:<\/h4>\n<p>&#8211; 1 Juego de 4 rieles de 19&#8243; deslizables con perforaci\u00f3n para pernos circulares.<br \/>\n&#8211; Kit de tornillos y llaves de acceso.<\/p>\n<h4>REGULACIONES Y NORMAS:<\/h4>\n<ul>\n<li>CE \/ ISO 9001<\/li>\n<\/ul>\n<p><img decoding=\"async\" class=\"alignnone wp-image-4534\" src=\"https:\/\/ltusaperu.com\/wp-content\/uploads\/2021\/03\/ce.png\" alt=\"\" width=\"57\" height=\"46\" \/><img decoding=\"async\" class=\"alignnone  wp-image-4758\" src=\"https:\/\/ltusaperu.com\/wp-content\/uploads\/2021\/03\/iso-9002-1.png\" alt=\"\" width=\"77\" height=\"74\" \/><\/p>\n<p>&nbsp;<\/p>\n","protected":false},"excerpt":{"rendered":"<ul>\n<li>Marca: LT USA<\/li>\n<li>Estructura:\u00a0 Acero laminado al frio, 1.20mm de espesor.<\/li>\n<li>Acabado: Pintura de polvo electrost\u00e1tica en color negro,\u00a0 con procesamiento sellado desoxidante y fosfatizado al horno.<\/li>\n<li>Acceso en la parte superior e inferior para el ingreso de cables.<\/li>\n<li>Perforaci\u00f3n superior para la instalaci\u00f3n del kit de ventilaci\u00f3n.<\/li>\n<li>Puerta frontal: Centro de vidrio de 4.00mm. de espesor color bronce + chapa simple.<\/li>\n<li>Puerta posterior: Abatible + chapa lateral simple lateral.<\/li>\n<\/ul>\n","protected":false},"featured_media":4685,"comment_status":"open","ping_status":"closed","template":"","meta":[],"product_brand":[146],"product_cat":[123,99,15],"product_tag":[95,144,145],"class_list":{"0":"post-4686","1":"product","2":"type-product","3":"status-publish","4":"has-post-thumbnail","6":"product_brand-lt-usa","7":"product_cat-gabinete-de-pared","8":"product_cat-gabinetes","9":"product_cat-todaslascategorias","10":"product_tag-technologies","11":"product_tag-tecnologia","12":"product_tag-telecomunicaciones","14":"first","15":"instock","16":"taxable","17":"shipping-taxable","18":"purchasable","19":"product-type-simple","20":"col-xs-6 col-sm-4","21":"col-md-3 col-lg-3","22":"un-4-cols"},"_links":{"self":[{"href":"https:\/\/putinza.com\/web2\/wp-json\/wp\/v2\/product\/4686","targetHints":{"allow":["GET"]}}],"collection":[{"href":"https:\/\/putinza.com\/web2\/wp-json\/wp\/v2\/product"}],"about":[{"href":"https:\/\/putinza.com\/web2\/wp-json\/wp\/v2\/types\/product"}],"replies":[{"embeddable":true,"href":"https:\/\/putinza.com\/web2\/wp-json\/wp\/v2\/comments?post=4686"}],"wp:featuredmedia":[{"embeddable":true,"href":"https:\/\/putinza.com\/web2\/wp-json\/wp\/v2\/media\/4685"}],"wp:attachment":[{"href":"https:\/\/putinza.com\/web2\/wp-json\/wp\/v2\/media?parent=4686"}],"wp:term":[{"taxonomy":"product_brand","embeddable":true,"href":"https:\/\/putinza.com\/web2\/wp-json\/wp\/v2\/product_brand?post=4686"},{"taxonomy":"product_cat","embeddable":true,"href":"https:\/\/putinza.com\/web2\/wp-json\/wp\/v2\/product_cat?post=4686"},{"taxonomy":"product_tag","embeddable":true,"href":"https:\/\/putinza.com\/web2\/wp-json\/wp\/v2\/product_tag?post=4686"}],"curies":[{"name":"wp","href":"https:\/\/api.w.org\/{rel}","templated":true}]}}