{"id":4867,"date":"2021-03-31T19:00:47","date_gmt":"2021-03-31T19:00:47","guid":{"rendered":"https:\/\/ltusaperu.com\/?post_type=product&#038;p=4867"},"modified":"2021-03-31T19:00:47","modified_gmt":"2021-03-31T19:00:47","slug":"router-inalambrico-de-uso-domestico-lt-300mb","status":"publish","type":"product","link":"https:\/\/putinza.com\/web2\/product\/router-inalambrico-de-uso-domestico-lt-300mb\/","title":{"rendered":"Router Inal\u00e1mbrico de uso dom\u00e9stico LT-300MB"},"content":{"rendered":"<h4>DESCRIPCI\u00d3N DEL PRODUCTO:<\/h4>\n<ul>\n<li>4W 250.000 Hrs.<\/li>\n<li>Seguridad: IP31.<\/li>\n<li>Frecuencia: 2.4 Ghz.<\/li>\n<li>Power: 2.4G. WAN, LAN.<\/li>\n<li>Tama\u00f1o del producto: 186 x 142 x 177 mm.<\/li>\n<li>Contiene 3 antenas mayor.<\/li>\n<li>Power del adaptador: DC5V\/1A<\/li>\n<li>Material del producto: Pl\u00e1stico (Material ABS importado)<\/li>\n<li>Temperatura de operaci\u00f3n: -10\u00baC &#8211; 65\u00baC<\/li>\n<\/ul>\n","protected":false},"excerpt":{"rendered":"<ul>\n<li>4W 250.000 Hrs.<\/li>\n<li>Seguridad: IP31.<\/li>\n<li>Frecuencia: 2.4 Ghz.<\/li>\n<li>Power: 2.4G. WAN, LAN.<\/li>\n<li>Tama\u00f1o del producto: 186 x 142 x 177 mm.<\/li>\n<\/ul>\n","protected":false},"featured_media":4859,"comment_status":"open","ping_status":"closed","template":"","meta":[],"product_brand":[146],"product_cat":[163,15],"product_tag":[95,144,145],"class_list":{"0":"post-4867","1":"product","2":"type-product","3":"status-publish","4":"has-post-thumbnail","6":"product_brand-lt-usa","7":"product_cat-routers-inhalambricos","8":"product_cat-todaslascategorias","9":"product_tag-technologies","10":"product_tag-tecnologia","11":"product_tag-telecomunicaciones","13":"first","14":"instock","15":"taxable","16":"shipping-taxable","17":"purchasable","18":"product-type-simple","19":"col-xs-6 col-sm-4","20":"col-md-3 col-lg-3","21":"un-4-cols"},"_links":{"self":[{"href":"https:\/\/putinza.com\/web2\/wp-json\/wp\/v2\/product\/4867","targetHints":{"allow":["GET"]}}],"collection":[{"href":"https:\/\/putinza.com\/web2\/wp-json\/wp\/v2\/product"}],"about":[{"href":"https:\/\/putinza.com\/web2\/wp-json\/wp\/v2\/types\/product"}],"replies":[{"embeddable":true,"href":"https:\/\/putinza.com\/web2\/wp-json\/wp\/v2\/comments?post=4867"}],"wp:featuredmedia":[{"embeddable":true,"href":"https:\/\/putinza.com\/web2\/wp-json\/wp\/v2\/media\/4859"}],"wp:attachment":[{"href":"https:\/\/putinza.com\/web2\/wp-json\/wp\/v2\/media?parent=4867"}],"wp:term":[{"taxonomy":"product_brand","embeddable":true,"href":"https:\/\/putinza.com\/web2\/wp-json\/wp\/v2\/product_brand?post=4867"},{"taxonomy":"product_cat","embeddable":true,"href":"https:\/\/putinza.com\/web2\/wp-json\/wp\/v2\/product_cat?post=4867"},{"taxonomy":"product_tag","embeddable":true,"href":"https:\/\/putinza.com\/web2\/wp-json\/wp\/v2\/product_tag?post=4867"}],"curies":[{"name":"wp","href":"https:\/\/api.w.org\/{rel}","templated":true}]}}