{"id":4981,"date":"2021-04-09T21:16:23","date_gmt":"2021-04-09T21:16:23","guid":{"rendered":"https:\/\/ltusaperu.com\/?post_type=product&#038;p=4981"},"modified":"2023-01-17T22:33:45","modified_gmt":"2023-01-17T22:33:45","slug":"cable-de-alarma-contra-incendios-lszh-cobre-ca-4x22","status":"publish","type":"product","link":"https:\/\/putinza.com\/web2\/product\/cable-de-alarma-contra-incendios-lszh-cobre-ca-4x22\/","title":{"rendered":"Cable de Alarma contra incendios LSZH COBRE  CA-4X22"},"content":{"rendered":"<p><strong>Los cables son empleados para aplicaciones contra incendio, alarma, se\u00f1ales an\u00e1logas o digitales, monitoreo y\/o detecci\u00f3n, circuitos de audio, circuitos de control y circuitos de arranque.<\/strong><\/p>\n<h4>CARACTER\u00cdSTICAS:<\/h4>\n<ul>\n<li>Cable de alarmas contra incendios LSZH<\/li>\n<li>Cero Hal\u00f3geno &#8211; Baja emisi\u00f3n de homos cero hal\u00f3geno. RoHS.<\/li>\n<li>Medidad:\u00a0 \u00a0 \u00a0 \u00a0 \u00a0 \u00a0 \u00a0 \u00a0 \u00a0 \u00a0 \u00a0 \u00a0 300 mts \/ 1000 ft.<\/li>\n<li>Material:\u00a0 \u00a0 \u00a0 \u00a0 \u00a0 \u00a0 \u00a0 \u00a0 \u00a0 \u00a0 \u00a0 \u00a0 \u00a0Cobre 100%<\/li>\n<li>N\u00famero de conductores :\u00a0 4<\/li>\n<li>Conductor:\u00a0 \u00a0 \u00a0 \u00a0 \u00a0 \u00a0 \u00a0 \u00a0 \u00a0 \u00a0 \u00a0 n\u00facleo s\u00f3lido.<\/li>\n<li>Calibre:\u00a0 \u00a0 \u00a0 \u00a0 \u00a0 \u00a0 \u00a0 \u00a0 \u00a0 \u00a0 \u00a0 \u00a0 \u00a0 22 AWG.<\/li>\n<li>Temperatura de operaci\u00f3n: -20 a 75\u00b0C.<\/li>\n<li>Resistencia al fuego:\u00a0 \u00a0 \u00a0 \u00a0 IEC 60332-1.<\/li>\n<li>Toxicidad:\u00a0 \u00a0 \u00a0 \u00a0 \u00a0 \u00a0 \u00a0 \u00a0 \u00a0 \u00a0 \u00a0 \u00a0IEC 60754-1.<\/li>\n<li>Gas \u00c1cido:\u00a0 \u00a0 \u00a0 \u00a0 \u00a0 \u00a0 \u00a0 \u00a0 \u00a0 \u00a0 \u00a0 IEC 60754-2.<\/li>\n<li>Densidad de Humo:\u00a0 \u00a0 \u00a0 \u00a0 \u00a0IEC 61034-2.<\/li>\n<\/ul>\n","protected":false},"excerpt":{"rendered":"<ul>\n<li>Cable de alarmas contra incendios LSZH-Cero Hal\u00f3geno RoHS.<\/li>\n<li>Medida: 300 mts \/ 1000 ft.<\/li>\n<li>Material: cobre 100%<\/li>\n<li>N\u00famero de conductores :\u00a0 4<\/li>\n<li>Conductor: n\u00facleo s\u00f3lido.<\/li>\n<li>Temperatura de operaci\u00f3n: -20 a 75\u00b0C.<\/li>\n<\/ul>\n","protected":false},"featured_media":5875,"comment_status":"open","ping_status":"closed","template":"","meta":[],"product_brand":[146],"product_cat":[175,15],"product_tag":[172,147,95,145],"class_list":{"0":"post-4981","1":"product","2":"type-product","3":"status-publish","4":"has-post-thumbnail","6":"product_brand-lt-usa","7":"product_cat-cables-de-alarmas","8":"product_cat-todaslascategorias","9":"product_tag-networking","10":"product_tag-seguridad","11":"product_tag-technologies","12":"product_tag-telecomunicaciones","14":"first","15":"instock","16":"taxable","17":"shipping-taxable","18":"purchasable","19":"product-type-simple","20":"col-xs-6 col-sm-4","21":"col-md-3 col-lg-3","22":"un-4-cols"},"_links":{"self":[{"href":"https:\/\/putinza.com\/web2\/wp-json\/wp\/v2\/product\/4981","targetHints":{"allow":["GET"]}}],"collection":[{"href":"https:\/\/putinza.com\/web2\/wp-json\/wp\/v2\/product"}],"about":[{"href":"https:\/\/putinza.com\/web2\/wp-json\/wp\/v2\/types\/product"}],"replies":[{"embeddable":true,"href":"https:\/\/putinza.com\/web2\/wp-json\/wp\/v2\/comments?post=4981"}],"wp:featuredmedia":[{"embeddable":true,"href":"https:\/\/putinza.com\/web2\/wp-json\/wp\/v2\/media\/5875"}],"wp:attachment":[{"href":"https:\/\/putinza.com\/web2\/wp-json\/wp\/v2\/media?parent=4981"}],"wp:term":[{"taxonomy":"product_brand","embeddable":true,"href":"https:\/\/putinza.com\/web2\/wp-json\/wp\/v2\/product_brand?post=4981"},{"taxonomy":"product_cat","embeddable":true,"href":"https:\/\/putinza.com\/web2\/wp-json\/wp\/v2\/product_cat?post=4981"},{"taxonomy":"product_tag","embeddable":true,"href":"https:\/\/putinza.com\/web2\/wp-json\/wp\/v2\/product_tag?post=4981"}],"curies":[{"name":"wp","href":"https:\/\/api.w.org\/{rel}","templated":true}]}}