{"id":5359,"date":"2021-11-09T16:40:35","date_gmt":"2021-11-09T16:40:35","guid":{"rendered":"https:\/\/ltusaperu.com\/?post_type=product&#038;p=5359"},"modified":"2023-06-28T16:40:26","modified_gmt":"2023-06-28T16:40:26","slug":"ggabinete-de-pared-12ru-fija-desarmado-lt-1201-45-d","status":"publish","type":"product","link":"https:\/\/putinza.com\/web2\/product\/ggabinete-de-pared-12ru-fija-desarmado-lt-1201-45-d\/","title":{"rendered":"Gabinete de pared 12RU fIJA, Desarmado (LT-1201-45-D)"},"content":{"rendered":"<h4>DESCRIPCI\u00d3N DEL PRODUCTO:<\/h4>\n<ul>\n<li style=\"list-style-type: none;\">\n<ul>\n<li>Gabinete de pared desarmado 6RU fija.<\/li>\n<li>Alto: 650 mm.<\/li>\n<li>Ancho: 600 mm.<\/li>\n<li>Profundidad: 450 mm.<\/li>\n<li>Peso: 19.6 kg.<\/li>\n<li>Capacidad de carga: 60 kg.<\/li>\n<li>Perfil de montaje 1.5 mm. Otros 1.0 mm.<\/li>\n<li>Instalaci\u00f3n est\u00e1ndar de 19&#8243;.<\/li>\n<li>Porcentaje de Ventilaci\u00f3n 70%.<\/li>\n<li>Grado de protecci\u00f3n IP20<\/li>\n<li>Color negro [RAL9005]<\/li>\n<li>Instalaci\u00f3n fija posterior.<\/li>\n<li>Perforaci\u00f3n superior para la instalaci\u00f3n del kit de ventilaci\u00f3n.<\/li>\n<li>Paneles laterales desmontables , cierres laterales de f\u00e1cil instalaci\u00f3n y mantenimiento.<\/li>\n<li>Entrada de cable con opci\u00f3n por la cubierta superior, panel inferior o panel posterior.<\/li>\n<li>\u00c1ngulo de apertura de puerta frontal 180\u00ba.<\/li>\n<li>Incluye kit de tornillos y llave de acceso.<\/li>\n<li>Fabricado en acero laminado en fr\u00edo SPCC. Desengrasado, decapado, fosf\u00f3rico, recubrimiento de polvo.<\/li>\n<\/ul>\n<\/li>\n<\/ul>\n","protected":false},"excerpt":{"rendered":"<ul>\n<li>Gabinete de pared desarmado 12RU fija.<\/li>\n<li>Alto: 650 mm.<\/li>\n<li>Ancho: 600 mm.<\/li>\n<li>Profundidad: 450 mm.<\/li>\n<li>Peso: 19.6 kg.<\/li>\n<li>Capacidad de carga: 60 kg.<\/li>\n<li>Perfil de montaje 1.5 mm. Otros 1.0 mm.<\/li>\n<li>Color negro [RAL9005]<\/li>\n<\/ul>\n<p><a href=\"https:\/\/ltusaperu.com\/wp-content\/uploads\/2021\/11\/Catalogo-de-gabinetes-LT-USA.pdf\"><img decoding=\"async\" class=\"\" src=\"https:\/\/cdn.shopify.com\/s\/files\/1\/0289\/8814\/5746\/files\/descargar-catalogo_480x480.png?v=1652751962\" alt=\"Descarga el Cat\u00e1logo \u2013 Gad Tecnologyc\" width=\"237\" height=\"97\" \/><\/a><\/p>\n","protected":false},"featured_media":5968,"comment_status":"open","ping_status":"closed","template":"","meta":[],"product_brand":[146],"product_cat":[123,99,15],"product_tag":[201,203,186,180,185],"class_list":{"0":"post-5359","1":"product","2":"type-product","3":"status-publish","4":"has-post-thumbnail","6":"product_brand-lt-usa","7":"product_cat-gabinete-de-pared","8":"product_cat-gabinetes","9":"product_cat-todaslascategorias","10":"product_tag-gabinete","11":"product_tag-gabinete-de-12ru","12":"product_tag-gabinete-de-pared","13":"product_tag-gabinetes","14":"product_tag-lt-usa","16":"first","17":"instock","18":"taxable","19":"shipping-taxable","20":"purchasable","21":"product-type-simple","22":"col-xs-6 col-sm-4","23":"col-md-3 col-lg-3","24":"un-4-cols"},"_links":{"self":[{"href":"https:\/\/putinza.com\/web2\/wp-json\/wp\/v2\/product\/5359","targetHints":{"allow":["GET"]}}],"collection":[{"href":"https:\/\/putinza.com\/web2\/wp-json\/wp\/v2\/product"}],"about":[{"href":"https:\/\/putinza.com\/web2\/wp-json\/wp\/v2\/types\/product"}],"replies":[{"embeddable":true,"href":"https:\/\/putinza.com\/web2\/wp-json\/wp\/v2\/comments?post=5359"}],"wp:featuredmedia":[{"embeddable":true,"href":"https:\/\/putinza.com\/web2\/wp-json\/wp\/v2\/media\/5968"}],"wp:attachment":[{"href":"https:\/\/putinza.com\/web2\/wp-json\/wp\/v2\/media?parent=5359"}],"wp:term":[{"taxonomy":"product_brand","embeddable":true,"href":"https:\/\/putinza.com\/web2\/wp-json\/wp\/v2\/product_brand?post=5359"},{"taxonomy":"product_cat","embeddable":true,"href":"https:\/\/putinza.com\/web2\/wp-json\/wp\/v2\/product_cat?post=5359"},{"taxonomy":"product_tag","embeddable":true,"href":"https:\/\/putinza.com\/web2\/wp-json\/wp\/v2\/product_tag?post=5359"}],"curies":[{"name":"wp","href":"https:\/\/api.w.org\/{rel}","templated":true}]}}