{"id":5439,"date":"2022-02-14T22:28:29","date_gmt":"2022-02-14T22:28:29","guid":{"rendered":"https:\/\/ltusaperu.com\/?post_type=product&#038;p=5439"},"modified":"2022-02-14T22:46:24","modified_gmt":"2022-02-14T22:46:24","slug":"lampara-de-emergencia-led-mantis-lt-1003-220","status":"publish","type":"product","link":"https:\/\/putinza.com\/web2\/product\/lampara-de-emergencia-led-mantis-lt-1003-220\/","title":{"rendered":"L\u00e1mpara de Emergencia LED Mantis LT-1003.220"},"content":{"rendered":"<div dir=\"auto\">Nuestras l\u00e1mparas de emergencia <a class=\"oajrlxb2 g5ia77u1 qu0x051f esr5mh6w e9989ue4 r7d6kgcz rq0escxv nhd2j8a9 nc684nl6 p7hjln8o kvgmc6g5 cxmmr5t8 oygrvhab hcukyx3x jb3vyjys rz4wbd8a qt6c0cv9 a8nywdso i1ao9s8h esuyzwwr f1sip0of lzcic4wl gpro0wi8 q66pz984 b1v8xokw\" tabindex=\"0\" role=\"link\" href=\"https:\/\/web.facebook.com\/ltusaperu\/?__cft__[0]=AZXuhnHUQiHugCsPVC1XUmB8llwpGxQzaCVic3GBSP0JSpS6eCeevbiVq8KD5fqlUny4aUFw-SRdNd4IyQzq1lAUVU2x2Km7w3Np2ce6-u8RVhR2e8UAdLPdhZMmFWLwoPgvsaApXQmDKrI7GKl0-zlD&amp;__tn__=kK-R\"><span class=\"nc684nl6\">LT USA<\/span><\/a> de c\u00f3digo LT-1003.220 por su buena calidad, alto rendimiento de trabajo y garant\u00eda, son las m\u00e1s requeridas para proyectos p\u00fablicos y privados.\u00a0Contando con una potencia de iluminaci\u00f3n mayor a cualquier modelo que se distribuya en el mercado. Todos sus insumos son de primera calidad y cuenta adicionalmente con Certificado de Operatividad. Usa bater\u00eda \ud835\udc73\ud835\udc8a\ud835\udc95\ud835\udc89\ud835\udc8a\ud835\udc96\ud835\udc8e de larga vida.<\/div>\n<h4>FICHA T\u00c9CNICA:<\/h4>\n<ul>\n<li>Marca \u00a0\u00a0\u00a0\u00a0\u00a0\u00a0\u00a0\u00a0\u00a0\u00a0\u00a0\u00a0\u00a0\u00a0\u00a0\u00a0\u00a0\u00a0\u00a0 \u00a0\u00a0\u00a0\u00a0\u00a0\u00a0: LT USA<\/li>\n<li>Alimentaci\u00f3n\u00a0 \u00a0 \u00a0 \u00a0 \u00a0 \u00a0 \u00a0 \u00a0 \u00a0: 120 &#8211; 240V AC<\/li>\n<li>Frecuencia\u00a0 \u00a0 \u00a0 \u00a0 \u00a0 \u00a0 \u00a0 \u00a0 \u00a0 \u00a0 : 60Hz<\/li>\n<li>Tipo de bater\u00eda\u00a0 \u00a0 \u00a0 \u00a0 \u00a0 \u00a0 \u00a0 : Lithium.<\/li>\n<li>Voltaje y capacidad\u00a0 \u00a0 \u00a0 \u00a0 :\u00a0 3.7VDC 1000 mAh.<\/li>\n<li>Anatom\u00eda de la bater\u00eda\u00a0 \u00a0: 120 minutos.<\/li>\n<li>Tipo de carga\u00a0 \u00a0 \u00a0 \u00a0 \u00a0 \u00a0 \u00a0 \u00a0 : Autom\u00e1tica<\/li>\n<li>Tiempo de carga\u00a0 \u00a0 \u00a0 \u00a0 \u00a0 \u00a0 : 20 &#8211; 24 Hrs.<\/li>\n<li>Interruptor de prueba\u00a0 \u00a0 : S\u00ed<\/li>\n<li>Cantidad Led\u00a0 \u00a0 \u00a0 \u00a0 \u00a0 \u00a0 \u00a0 \u00a0 : 24 LED SMD<\/li>\n<li>Potencia\u00a0 \u00a0 \u00a0 \u00a0 \u00a0 \u00a0 \u00a0 \u00a0 \u00a0 \u00a0 \u00a0 : 3W<\/li>\n<li>L\u00famen\u00a0 \u00a0 \u00a0 \u00a0 \u00a0 \u00a0 \u00a0 \u00a0 \u00a0 \u00a0 \u00a0 \u00a0 \u00a0: 300 LM<\/li>\n<li>Tiempo de vida led\u00a0 \u00a0 \u00a0 \u00a0 : 50000 Hrs.<\/li>\n<li>Temperatura de color\u00a0 \u00a0 \u00a0: 7000K<\/li>\n<li>Carcasa ABS\u00a0 \u00a0 \u00a0 \u00a0 \u00a0 \u00a0 \u00a0 \u00a0 \u00a0: PVC alto impacto<\/li>\n<li>Protecci\u00f3n\u00a0 \u00a0 \u00a0 \u00a0 \u00a0 \u00a0 \u00a0 \u00a0 \u00a0 \u00a0: Sobrecarga y sobredescarga.<\/li>\n<li>Seguridad\u00a0 \u00a0 \u00a0 \u00a0 \u00a0 \u00a0 \u00a0 \u00a0 \u00a0 \u00a0 : IP42<\/li>\n<li>Giro de Faro\u00a0 \u00a0 \u00a0 \u00a0 \u00a0 \u00a0 \u00a0 \u00a0 \u00a0: 140\u00ba<\/li>\n<li>Temperatura de trabajo : -10\u00ba C &#8211; 40\u00ba C<\/li>\n<li>Tama\u00f1o de producto\u00a0\u00a0\u00a0\u00a0 : 110x245x70mm<\/li>\n<\/ul>\n<p><img decoding=\"async\" class=\"alignnone wp-image-4771\" src=\"https:\/\/ltusaperu.com\/wp-content\/uploads\/2013\/06\/iec.png\" alt=\"\" width=\"67\" height=\"48\" \/> \u00a0<img decoding=\"async\" class=\"alignnone wp-image-4775\" src=\"https:\/\/ltusaperu.com\/wp-content\/uploads\/2013\/06\/iso-9001-2015.png\" alt=\"\" width=\"138\" height=\"51\" \/><img decoding=\"async\" class=\"alignnone wp-image-4534\" src=\"https:\/\/ltusaperu.com\/wp-content\/uploads\/2021\/03\/ce.png\" alt=\"\" width=\"63\" height=\"50\" \/><img loading=\"lazy\" decoding=\"async\" class=\"alignnone wp-image-4772\" src=\"https:\/\/ltusaperu.com\/wp-content\/uploads\/2013\/06\/IP20.png\" alt=\"\" width=\"60\" height=\"60\" srcset=\"https:\/\/putinza.com\/web2\/wp-content\/uploads\/2013\/06\/IP20.png 289w, https:\/\/putinza.com\/web2\/wp-content\/uploads\/2013\/06\/IP20-150x150.png 150w, https:\/\/putinza.com\/web2\/wp-content\/uploads\/2013\/06\/IP20-100x100.png 100w\" sizes=\"(max-width: 60px) 100vw, 60px\" \/><img loading=\"lazy\" decoding=\"async\" class=\"alignnone wp-image-4778\" src=\"https:\/\/ltusaperu.com\/wp-content\/uploads\/2013\/06\/led-smd60-300x40.png\" alt=\"\" width=\"150\" height=\"20\" srcset=\"https:\/\/putinza.com\/web2\/wp-content\/uploads\/2013\/06\/led-smd60-300x40.png 300w, https:\/\/putinza.com\/web2\/wp-content\/uploads\/2013\/06\/led-smd60-370x50.png 370w, https:\/\/putinza.com\/web2\/wp-content\/uploads\/2013\/06\/led-smd60.png 526w\" sizes=\"(max-width: 150px) 100vw, 150px\" \/><\/p>\n","protected":false},"excerpt":{"rendered":"<ul>\n<li>Alimentaci\u00f3n\u00a0 \u00a0 \u00a0 \u00a0 \u00a0 \u00a0 \u00a0 \u00a0 \u00a0: 120 &#8211; 240V AC<\/li>\n<li>Frecuencia\u00a0 \u00a0 \u00a0 \u00a0 \u00a0 \u00a0 \u00a0 \u00a0 \u00a0 \u00a0 : 60Hz<\/li>\n<li>Tipo de bater\u00eda\u00a0 \u00a0 \u00a0 \u00a0 \u00a0 \u00a0 \u00a0 : Lithium.<\/li>\n<li>Voltaje y capacidad\u00a0 \u00a0 \u00a0 \u00a0 :\u00a0 3.7VDC 1000 mAh.<\/li>\n<li>Anatom\u00eda de la bater\u00eda\u00a0 \u00a0: 120 minutos.<\/li>\n<li>Tipo de carga\u00a0 \u00a0 \u00a0 \u00a0 \u00a0 \u00a0 \u00a0 \u00a0 : Autom\u00e1tica<\/li>\n<li>Cantidad Led\u00a0 \u00a0 \u00a0 \u00a0 \u00a0 \u00a0 \u00a0 \u00a0 : 24 LED SMD<\/li>\n<li>Potencia\u00a0 \u00a0 \u00a0 \u00a0 \u00a0 \u00a0 \u00a0 \u00a0 \u00a0 \u00a0 \u00a0 : 3W<\/li>\n<li>L\u00famen\u00a0 \u00a0 \u00a0 \u00a0 \u00a0 \u00a0 \u00a0 \u00a0 \u00a0 \u00a0 \u00a0 \u00a0 \u00a0: 300 LM<\/li>\n<li>Tiempo de vida led\u00a0 \u00a0 \u00a0 \u00a0 : 50000 Hrs.<\/li>\n<li>Temperatura de color\u00a0 \u00a0 \u00a0: 7000K<\/li>\n<\/ul>\n","protected":false},"featured_media":5442,"comment_status":"open","ping_status":"closed","template":"","meta":[],"product_brand":[146],"product_cat":[97,15],"product_tag":[194,208,185,207,144,145],"class_list":{"0":"post-5439","1":"product","2":"type-product","3":"status-publish","4":"has-post-thumbnail","6":"product_brand-lt-usa","7":"product_cat-lamparas-de-emergencia","8":"product_cat-todaslascategorias","9":"product_tag-iluminacion","10":"product_tag-lampara-de-emergencia","11":"product_tag-lt-usa","12":"product_tag-luz-de-emergencia","13":"product_tag-tecnologia","14":"product_tag-telecomunicaciones","16":"first","17":"instock","18":"taxable","19":"shipping-taxable","20":"purchasable","21":"product-type-simple","22":"col-xs-6 col-sm-4","23":"col-md-3 col-lg-3","24":"un-4-cols"},"_links":{"self":[{"href":"https:\/\/putinza.com\/web2\/wp-json\/wp\/v2\/product\/5439","targetHints":{"allow":["GET"]}}],"collection":[{"href":"https:\/\/putinza.com\/web2\/wp-json\/wp\/v2\/product"}],"about":[{"href":"https:\/\/putinza.com\/web2\/wp-json\/wp\/v2\/types\/product"}],"replies":[{"embeddable":true,"href":"https:\/\/putinza.com\/web2\/wp-json\/wp\/v2\/comments?post=5439"}],"wp:featuredmedia":[{"embeddable":true,"href":"https:\/\/putinza.com\/web2\/wp-json\/wp\/v2\/media\/5442"}],"wp:attachment":[{"href":"https:\/\/putinza.com\/web2\/wp-json\/wp\/v2\/media?parent=5439"}],"wp:term":[{"taxonomy":"product_brand","embeddable":true,"href":"https:\/\/putinza.com\/web2\/wp-json\/wp\/v2\/product_brand?post=5439"},{"taxonomy":"product_cat","embeddable":true,"href":"https:\/\/putinza.com\/web2\/wp-json\/wp\/v2\/product_cat?post=5439"},{"taxonomy":"product_tag","embeddable":true,"href":"https:\/\/putinza.com\/web2\/wp-json\/wp\/v2\/product_tag?post=5439"}],"curies":[{"name":"wp","href":"https:\/\/api.w.org\/{rel}","templated":true}]}}