{"id":5466,"date":"2022-02-24T20:45:33","date_gmt":"2022-02-24T20:45:33","guid":{"rendered":"https:\/\/ltusaperu.com\/?post_type=product&#038;p=5466"},"modified":"2022-02-24T20:46:02","modified_gmt":"2022-02-24T20:46:02","slug":"tablero-plastico-bm12pt-libre-de-halogeno-ip40-12-polos-empotrable","status":"publish","type":"product","link":"https:\/\/putinza.com\/web2\/product\/tablero-plastico-bm12pt-libre-de-halogeno-ip40-12-polos-empotrable\/","title":{"rendered":"Tablero pl\u00e1stico BM12PT libre de hal\u00f3geno IP40  12 Polos Empotrable"},"content":{"rendered":"<p><strong>Fabricados con material de pl\u00e1stico libre de hal\u00f3genos de la m\u00e1s alta calidad. Destinadas al sector terciario y residencial. Uso en interiores, dise\u00f1adas para ser<br \/>\ninstaladas empotradas. Apartamentos, casas, oficinas, hoteles, etc.<\/strong><\/p>\n<h4>MODELOS Y DIMENSIONES:<\/h4>\n<p><strong>BM12PT<\/strong> \u00a0 Tablero pl\u00e1stico de distribuci\u00f3n libre de hal\u00f3geno IP40 12 polos empotrable, con barras de neutro y tierra.<\/p>\n<p>Dim. exteriores (Alto x Ancho x Prof.): 228x263x65 mm<br \/>\nDim. hueco empotrar (Alto x Ancho x Prof.): 228x263x65 mm<\/p>\n<p>Peso (kg): 0,79<\/p>\n<h4>CARACTER\u00cdSTICA:<\/h4>\n<ul>\n<li>Modulos:\u00a0 \u00a0 \u00a0 \u00a0 \u00a0 \u00a0\u00a0 1&#215;12 ra\u00edl DIN<\/li>\n<li>Instalaci\u00f3n :\u00a0 \u00a0 \u00a0 \u00a0\u00a0Empotrado<\/li>\n<li>Color:\u00a0 \u00a0 \u00a0 \u00a0 \u00a0 \u00a0 \u00a0 \u00a0 \u00a0Blanco RAL 9003<\/li>\n<li>Tipo de ventana: Transparente color fum\u00e9<\/li>\n<li>Materiales:\u00a0 \u00a0 \u00a0 \u00a0 \u00a0Materiales pl\u00e1sticos libres de hal\u00f3genos. Base, marco y ventana: ABS<\/li>\n<\/ul>\n<h4>FICHA T\u00c9CNICA:<\/h4>\n<ul>\n<li>Grado de protecci\u00f3n:\u00a0 \u00a0 \u00a0 \u00a0 \u00a0 \u00a0 \u00a0 \u00a0 \u00a0 \u00a0IP40<\/li>\n<li>Resistencia al impacto:\u00a0 \u00a0 \u00a0 \u00a0 \u00a0 \u00a0 \u00a0 \u00a0 IK08<\/li>\n<li>Resistencia al hilo incandescente: 650 \u00baC<\/li>\n<li>Presi\u00f3n de bola:\u00a0 \u00a0 \u00a0 \u00a0 \u00a0 \u00a0 \u00a0 \u00a0 \u00a0 \u00a0 \u00a0 \u00a0 \u00a0 70 \u00baC<\/li>\n<li>Rango de temperatura ambiente: -25\u00baC \/ +40\u00baC<\/li>\n<li>Tensi\u00f3n m\u00e1xima de empleo:\u00a0 \u00a0 \u00a0 \u00a0 \u00a01000 V AC \/ 1500 V DC<\/li>\n<li>Doble aislamiento:\u00a0 \u00a0 \u00a0 \u00a0 \u00a0 \u00a0 \u00a0 \u00a0 \u00a0 \u00a0 \u00a0Clase II<\/li>\n<\/ul>\n<h4>CERTIFICADOS Y NORMAS:<\/h4>\n<ul>\n<li>Directiva baja tensi\u00f3n: 2014\/35\/EU<\/li>\n<li>Normas: UNE-EN 62208 Y UNE-EN 61439-1<\/li>\n<\/ul>\n<p><img decoding=\"async\" class=\"alignnone wp-image-4533\" src=\"https:\/\/ltusaperu.com\/wp-content\/uploads\/2021\/03\/reach.png\" alt=\"\" width=\"107\" height=\"93\" \/> <img decoding=\"async\" class=\"alignnone wp-image-4532\" src=\"https:\/\/ltusaperu.com\/wp-content\/uploads\/2021\/03\/rosh-1.png\" alt=\"\" width=\"96\" height=\"45\" \/> <img decoding=\"async\" class=\"alignnone wp-image-4534\" src=\"https:\/\/ltusaperu.com\/wp-content\/uploads\/2021\/03\/ce.png\" alt=\"\" width=\"63\" height=\"50\" \/> <img loading=\"lazy\" decoding=\"async\" class=\"alignnone wp-image-4535\" src=\"https:\/\/ltusaperu.com\/wp-content\/uploads\/2021\/03\/halogen.png\" alt=\"\" width=\"114\" height=\"60\" \/> <img loading=\"lazy\" decoding=\"async\" class=\"alignnone wp-image-4536\" src=\"https:\/\/ltusaperu.com\/wp-content\/uploads\/2021\/03\/inet.png\" alt=\"\" width=\"88\" height=\"89\" srcset=\"https:\/\/putinza.com\/web2\/wp-content\/uploads\/2021\/03\/inet.png 129w, https:\/\/putinza.com\/web2\/wp-content\/uploads\/2021\/03\/inet-100x100.png 100w\" sizes=\"(max-width: 88px) 100vw, 88px\" \/> <img loading=\"lazy\" decoding=\"async\" class=\"alignnone wp-image-4537\" src=\"https:\/\/ltusaperu.com\/wp-content\/uploads\/2021\/03\/aenor.png\" alt=\"\" width=\"50\" height=\"91\" \/><\/p>\n","protected":false},"excerpt":{"rendered":"<ul>\n<li><strong>BM12PT<\/strong> \u00a0 Tablero de distribuci\u00f3n IP40 12 polos empotrable, con barras de neutro y tierra.<\/li>\n<li>Material: Materiales pl\u00e1sticos libres de hal\u00f3genos. Base, marco y ventana: ABS<\/li>\n<li>Modulos: 1&#215;12 ra\u00edl DIN<\/li>\n<li>Grado de protecci\u00f3n: IP40<\/li>\n<li>Color: Blanco RAL 9003<\/li>\n<li>Resistencia al impacto: IK08<\/li>\n<li>Dim. exteriores (Alto x Ancho x Prof.): 228x263x65 mm<br \/>\nDim. hueco empotrar (Alto x Ancho x Prof.): 228x263x65 mm<\/li>\n<li>Resistencia al hilo incandescente: 650 \u00baC<\/li>\n<li>Rango de temperatura ambiente: -25\u00baC \/ +40\u00baC<\/li>\n<\/ul>\n","protected":false},"featured_media":5467,"comment_status":"open","ping_status":"closed","template":"","meta":[],"product_brand":[57],"product_cat":[111,53,15],"product_tag":[213,185,182,216,219,210,209,144],"class_list":{"0":"post-5466","1":"product","2":"type-product","3":"status-publish","4":"has-post-thumbnail","6":"product_brand-ide","7":"product_cat-empotrables-ip40","8":"product_cat-tableros-plasticos","9":"product_cat-todaslascategorias","10":"product_tag-ide","11":"product_tag-lt-usa","12":"product_tag-tablero","13":"product_tag-tablero-12-polos","14":"product_tag-tablero-empotrable","15":"product_tag-tablero-ide","16":"product_tag-tablero-plastico","17":"product_tag-tecnologia","19":"first","20":"instock","21":"taxable","22":"shipping-taxable","23":"purchasable","24":"product-type-simple","25":"col-xs-6 col-sm-4","26":"col-md-3 col-lg-3","27":"un-4-cols"},"_links":{"self":[{"href":"https:\/\/putinza.com\/web2\/wp-json\/wp\/v2\/product\/5466","targetHints":{"allow":["GET"]}}],"collection":[{"href":"https:\/\/putinza.com\/web2\/wp-json\/wp\/v2\/product"}],"about":[{"href":"https:\/\/putinza.com\/web2\/wp-json\/wp\/v2\/types\/product"}],"replies":[{"embeddable":true,"href":"https:\/\/putinza.com\/web2\/wp-json\/wp\/v2\/comments?post=5466"}],"wp:featuredmedia":[{"embeddable":true,"href":"https:\/\/putinza.com\/web2\/wp-json\/wp\/v2\/media\/5467"}],"wp:attachment":[{"href":"https:\/\/putinza.com\/web2\/wp-json\/wp\/v2\/media?parent=5466"}],"wp:term":[{"taxonomy":"product_brand","embeddable":true,"href":"https:\/\/putinza.com\/web2\/wp-json\/wp\/v2\/product_brand?post=5466"},{"taxonomy":"product_cat","embeddable":true,"href":"https:\/\/putinza.com\/web2\/wp-json\/wp\/v2\/product_cat?post=5466"},{"taxonomy":"product_tag","embeddable":true,"href":"https:\/\/putinza.com\/web2\/wp-json\/wp\/v2\/product_tag?post=5466"}],"curies":[{"name":"wp","href":"https:\/\/api.w.org\/{rel}","templated":true}]}}