{"id":5505,"date":"2022-05-17T18:03:28","date_gmt":"2022-05-17T18:03:28","guid":{"rendered":"https:\/\/ltusaperu.com\/?post_type=product&#038;p=5505"},"modified":"2022-05-17T19:20:46","modified_gmt":"2022-05-17T19:20:46","slug":"ex231-caja-plastica-derivacion-hermetica-libre-de-halogeno-185x246x100-ip65-67-pretroquelada","status":"publish","type":"product","link":"https:\/\/putinza.com\/web2\/product\/ex231-caja-plastica-derivacion-hermetica-libre-de-halogeno-185x246x100-ip65-67-pretroquelada\/","title":{"rendered":"EX231 &#8211; Caja pl\u00e1stica derivaci\u00f3n herm\u00e9tica. Libre de hal\u00f3geno. 185x246x100 IP65-67 Pretroquelada"},"content":{"rendered":"<p><strong>Fabricados con material de pl\u00e1stico libre de hal\u00f3genos de la m\u00e1s alta calidad. Destinadas al entornos industriales y exteriores. Industrias, sector fotovoltaico, almacenes, garajes, all\u00ed donde se requiere un alto grado de protecci\u00f3n frente al polvo, salpicaduras e impactos.<\/strong><\/p>\n<h4>MODELO Y DIMENSI\u00d3N:<\/h4>\n<p><strong>EX231<\/strong>\u00a0Caja estanca de derivaci\u00f3n con tapa opaca y entradas pretroqueladas IP65-IP67.<\/p>\n<p>Dim. exteriores (Alto x Ancho x Prof.): 185x246x100 mm<\/p>\n<p>Peso (kg): 0,49<\/p>\n<h4>CARACTER\u00cdSTICA:<\/h4>\n<ul>\n<li>Instalaci\u00f3n :\u00a0 \u00a0 \u00a0 \u00a0 \u00a0 \u00a0 \u00a0 \u00a0 \u00a0 \u00a0 \u00a0 \u00a0 \u00a0 \u00a0 \u00a0 \u00a0 \u00a0 \u00a0 Superficie<\/li>\n<li>Color:\u00a0 \u00a0 \u00a0 \u00a0 \u00a0 \u00a0 \u00a0 \u00a0 \u00a0 \u00a0 \u00a0 \u00a0 \u00a0 \u00a0 \u00a0 \u00a0 \u00a0 \u00a0 \u00a0 \u00a0 \u00a0 \u00a0 RAL 7035<\/li>\n<li>Tipo de ventana:\u00a0 \u00a0 \u00a0 \u00a0 \u00a0 \u00a0 \u00a0 \u00a0 \u00a0 \u00a0 \u00a0 \u00a0 \u00a0 \u00a0 \u00a0Opaca<\/li>\n<li>Entrada cables:\u00a0 \u00a0 \u00a0 \u00a0 \u00a0 \u00a0 \u00a0 \u00a0 \u00a0 \u00a0 \u00a0 \u00a0 \u00a0 \u00a0 \u00a0\u00a0 4xM25 &#8211; 6xM40<\/li>\n<li>Materiales:\u00a0 \u00a0 \u00a0 \u00a0 \u00a0 \u00a0 \u00a0 \u00a0 \u00a0 \u00a0 \u00a0 \u00a0 \u00a0 \u00a0 \u00a0 \u00a0 \u00a0 \u00a0\u00a0 Materiales pl\u00e1sticos libres de hal\u00f3genos. Base: PS antichoque<\/li>\n<li>Material de la tapa-ventana-puerta:\u00a0 PS antichoque<\/li>\n<\/ul>\n<h4>FICHA T\u00c9CNICA:<\/h4>\n<ul>\n<li>Grado de protecci\u00f3n:\u00a0 \u00a0 \u00a0 \u00a0 \u00a0 \u00a0 \u00a0 \u00a0 \u00a0\u00a0 IP65-IP67<\/li>\n<li>Resistencia al impacto:\u00a0 \u00a0 \u00a0 \u00a0 \u00a0 \u00a0 \u00a0 \u00a0 IK07<\/li>\n<li>Resistencia al hilo incandescente: 650 \u00baC<\/li>\n<li>Presi\u00f3n de bola:\u00a0 \u00a0 \u00a0 \u00a0 \u00a0 \u00a0 \u00a0 \u00a0 \u00a0 \u00a0 \u00a0 \u00a0 \u00a0 70 \u00baC<\/li>\n<li>Rango de temperatura ambiente: -25\u00baC \/ +40\u00baC<\/li>\n<li>Tensi\u00f3n m\u00e1xima de empleo:\u00a0 \u00a0 \u00a0 \u00a0 \u00a0 1000 V AC \/ 1500 V DC<\/li>\n<li>Doble aislamiento:\u00a0 \u00a0 \u00a0 \u00a0 \u00a0 \u00a0 \u00a0 \u00a0 \u00a0 \u00a0 \u00a0 \u00a0Clase II<\/li>\n<\/ul>\n<h4>CERTIFICADOS Y NORMAS:<\/h4>\n<ul>\n<li>Directiva baja tensi\u00f3n:\u00a0 2014\/35\/EU<\/li>\n<li>Normas:\u00a0 \u00a0 \u00a0 \u00a0 \u00a0 \u00a0 \u00a0 \u00a0 \u00a0 \u00a0 \u00a0 UNE-EN 60670-22<\/li>\n<\/ul>\n<p><img decoding=\"async\" class=\"alignnone wp-image-4533\" src=\"https:\/\/ltusaperu.com\/wp-content\/uploads\/2021\/03\/reach.png\" alt=\"\" width=\"107\" height=\"93\" \/> <img decoding=\"async\" class=\"alignnone wp-image-4532\" src=\"https:\/\/ltusaperu.com\/wp-content\/uploads\/2021\/03\/rosh-1.png\" alt=\"\" width=\"96\" height=\"45\" \/> <img decoding=\"async\" class=\"alignnone wp-image-4534\" src=\"https:\/\/ltusaperu.com\/wp-content\/uploads\/2021\/03\/ce.png\" alt=\"\" width=\"63\" height=\"50\" \/> <img loading=\"lazy\" decoding=\"async\" class=\"alignnone wp-image-4535\" src=\"https:\/\/ltusaperu.com\/wp-content\/uploads\/2021\/03\/halogen.png\" alt=\"\" width=\"114\" height=\"60\" \/> <img loading=\"lazy\" decoding=\"async\" class=\"alignnone wp-image-4536\" src=\"https:\/\/ltusaperu.com\/wp-content\/uploads\/2021\/03\/inet.png\" alt=\"\" width=\"88\" height=\"89\" srcset=\"https:\/\/putinza.com\/web2\/wp-content\/uploads\/2021\/03\/inet.png 129w, https:\/\/putinza.com\/web2\/wp-content\/uploads\/2021\/03\/inet-100x100.png 100w\" sizes=\"(max-width: 88px) 100vw, 88px\" \/> <img loading=\"lazy\" decoding=\"async\" class=\"alignnone wp-image-4537\" src=\"https:\/\/ltusaperu.com\/wp-content\/uploads\/2021\/03\/aenor.png\" alt=\"\" width=\"50\" height=\"91\" \/><\/p>\n","protected":false},"excerpt":{"rendered":"<ul>\n<li><strong>EX231<\/strong>\u00a0 Caja estanca de derivaci\u00f3n con tapa opaca y entradas pretroqueladas IP65-IP67.<\/li>\n<li>Material: Materiales pl\u00e1sticos libres de hal\u00f3genos. Base: PS antichoque.<\/li>\n<li>Instalaci\u00f3n : Superficie<\/li>\n<li>Grado de protecci\u00f3n: IP65-IP67<\/li>\n<li>Color: RAL 7035<\/li>\n<li>Resistencia al impacto: IK07<\/li>\n<li>Dim. exteriores (Alto x Ancho x Prof.): 185x246x100 mm<\/li>\n<li>Entrada cables: 4xM25 &#8211; 6xM40<\/li>\n<li>Resistencia al hilo incandescente: 650 \u00baC<\/li>\n<li>Rango de temperatura ambiente: -25\u00baC \/ +40\u00baC<\/li>\n<\/ul>\n","protected":false},"featured_media":5506,"comment_status":"open","ping_status":"closed","template":"","meta":[],"product_brand":[57],"product_cat":[52,69,15],"product_tag":[238,232,236,240,149,213,185,144],"class_list":{"0":"post-5505","1":"product","2":"type-product","3":"status-publish","4":"has-post-thumbnail","6":"product_brand-ide","7":"product_cat-cajas-plasticas","8":"product_cat-hermeticas","9":"product_cat-todaslascategorias","10":"product_tag-caja-hermetico","11":"product_tag-caja-ide","12":"product_tag-caja-plastico","13":"product_tag-caja-plastico-ide","14":"product_tag-electricidad","15":"product_tag-ide","16":"product_tag-lt-usa","17":"product_tag-tecnologia","19":"first","20":"instock","21":"taxable","22":"shipping-taxable","23":"purchasable","24":"product-type-simple","25":"col-xs-6 col-sm-4","26":"col-md-3 col-lg-3","27":"un-4-cols"},"_links":{"self":[{"href":"https:\/\/putinza.com\/web2\/wp-json\/wp\/v2\/product\/5505","targetHints":{"allow":["GET"]}}],"collection":[{"href":"https:\/\/putinza.com\/web2\/wp-json\/wp\/v2\/product"}],"about":[{"href":"https:\/\/putinza.com\/web2\/wp-json\/wp\/v2\/types\/product"}],"replies":[{"embeddable":true,"href":"https:\/\/putinza.com\/web2\/wp-json\/wp\/v2\/comments?post=5505"}],"wp:featuredmedia":[{"embeddable":true,"href":"https:\/\/putinza.com\/web2\/wp-json\/wp\/v2\/media\/5506"}],"wp:attachment":[{"href":"https:\/\/putinza.com\/web2\/wp-json\/wp\/v2\/media?parent=5505"}],"wp:term":[{"taxonomy":"product_brand","embeddable":true,"href":"https:\/\/putinza.com\/web2\/wp-json\/wp\/v2\/product_brand?post=5505"},{"taxonomy":"product_cat","embeddable":true,"href":"https:\/\/putinza.com\/web2\/wp-json\/wp\/v2\/product_cat?post=5505"},{"taxonomy":"product_tag","embeddable":true,"href":"https:\/\/putinza.com\/web2\/wp-json\/wp\/v2\/product_tag?post=5505"}],"curies":[{"name":"wp","href":"https:\/\/api.w.org\/{rel}","templated":true}]}}