{"id":5609,"date":"2022-09-02T17:50:02","date_gmt":"2022-09-02T17:50:02","guid":{"rendered":"https:\/\/ltusaperu.com\/?post_type=product&#038;p=5609"},"modified":"2022-09-02T20:04:24","modified_gmt":"2022-09-02T20:04:24","slug":"detector-de-humo-centralizado-lt-928n","status":"publish","type":"product","link":"https:\/\/putinza.com\/web2\/product\/detector-de-humo-centralizado-lt-928n\/","title":{"rendered":"Detector de Humo Centralizado LT-928N"},"content":{"rendered":"<p><strong>Caracter\u00edsticas:\u00a0<\/strong><\/p>\n<ul>\n<li>Marca: LT USA<\/li>\n<li>Alarma detector de humo centralizado de r\u00e1pida instalaci\u00f3n, alta calidad y garant\u00eda.<\/li>\n<li>Recomendable para el hogar, para restaurantes, oficinas, almacenes, etc.<\/li>\n<li>Este producto es 100% ecol\u00f3gico.<\/li>\n<li>Carcasa de alto impacto: ABS.<\/li>\n<\/ul>\n<p><b>Aspectos t\u00e9cnicos:<\/b><\/p>\n<ul>\n<li>Alimentaci\u00f3n:\u00a0 \u00a0 \u00a0 \u00a0 \u00a0 \u00a0 \u00a0 \u00a0 \u00a0 \u00a0 \u00a0 12-24 V DC<\/li>\n<li>Rango de detenci\u00f3n:\u00a0 \u00a0 \u00a0 \u00a0 \u00a0 \u00a0 360\u00ba<\/li>\n<li>Consumo de corriente:\u00a0 \u00a0 \u00a0 \u00a0 \u00a0Aprox. 38 mA<\/li>\n<li>Intensidad ac\u00fastica :\u00a0 \u00a0 \u00a0 \u00a0 \u00a0 \u00a0 Aprox. 85 dB a 3m<\/li>\n<li>Se\u00f1al ac\u00fastica de alarma :\u00a0 \u00a0 Intermitente<\/li>\n<li>Temperatura:\u00a0 \u00a0 \u00a0 \u00a0 \u00a0 \u00a0 \u00a0 \u00a0 \u00a0 \u00a0 \u00a0 \u00a0-10\u00baC ~ +40\u00baC<\/li>\n<li>Humedad del ambiente :\u00a0 \u00a0 \u00a0 \u00a0&lt;95%<\/li>\n<li>Peso:\u00a0 \u00a0 \u00a0 \u00a0 \u00a0 \u00a0 \u00a0 \u00a0 \u00a0 \u00a0 \u00a0 \u00a0 \u00a0 \u00a0 \u00a0 \u00a0 \u00a0 \u00a0Aprox. 140g<\/li>\n<li>Modo de Instalaci\u00f3n:\u00a0 \u00a0 \u00a0 \u00a0 \u00a0 \u00a0 \u00a0Techo<\/li>\n<li>Sistema:\u00a0 \u00a0 \u00a0 \u00a0 \u00a0 \u00a0 \u00a0 \u00a0 \u00a0 \u00a0 \u00a0 \u00a0 \u00a0 \u00a0 \u00a0 Fotoel\u00e9ctrico<\/li>\n<li>Tipo de protecci\u00f3n :\u00a0 \u00a0 \u00a0 \u00a0 \u00a0 \u00a0 \u00a0 IP20<\/li>\n<\/ul>\n","protected":false},"excerpt":{"rendered":"<ul>\n<li>Alimentaci\u00f3n: 12-24 V DC<\/li>\n<li>Intensidad ac\u00fastica : Aprox. 85 dB a 3m<\/li>\n<li>Tipo de protecci\u00f3n : IP20<\/li>\n<li>Temperatura: -10\u00baC ~ +40\u00baC<\/li>\n<li>Di\u00e1metro del producto: 10 cm<\/li>\n<li>Alto del producto: 5.5 cm<\/li>\n<\/ul>\n","protected":false},"featured_media":5610,"comment_status":"open","ping_status":"closed","template":"","meta":[],"product_brand":[146],"product_cat":[120,15],"product_tag":[281,185,145],"class_list":{"0":"post-5609","1":"product","2":"type-product","3":"status-publish","4":"has-post-thumbnail","6":"product_brand-lt-usa","7":"product_cat-accesorios-de-alarma-de-incendio","8":"product_cat-todaslascategorias","9":"product_tag-detector-de-humo","10":"product_tag-lt-usa","11":"product_tag-telecomunicaciones","13":"first","14":"instock","15":"taxable","16":"shipping-taxable","17":"purchasable","18":"product-type-simple","19":"col-xs-6 col-sm-4","20":"col-md-3 col-lg-3","21":"un-4-cols"},"_links":{"self":[{"href":"https:\/\/putinza.com\/web2\/wp-json\/wp\/v2\/product\/5609","targetHints":{"allow":["GET"]}}],"collection":[{"href":"https:\/\/putinza.com\/web2\/wp-json\/wp\/v2\/product"}],"about":[{"href":"https:\/\/putinza.com\/web2\/wp-json\/wp\/v2\/types\/product"}],"replies":[{"embeddable":true,"href":"https:\/\/putinza.com\/web2\/wp-json\/wp\/v2\/comments?post=5609"}],"wp:featuredmedia":[{"embeddable":true,"href":"https:\/\/putinza.com\/web2\/wp-json\/wp\/v2\/media\/5610"}],"wp:attachment":[{"href":"https:\/\/putinza.com\/web2\/wp-json\/wp\/v2\/media?parent=5609"}],"wp:term":[{"taxonomy":"product_brand","embeddable":true,"href":"https:\/\/putinza.com\/web2\/wp-json\/wp\/v2\/product_brand?post=5609"},{"taxonomy":"product_cat","embeddable":true,"href":"https:\/\/putinza.com\/web2\/wp-json\/wp\/v2\/product_cat?post=5609"},{"taxonomy":"product_tag","embeddable":true,"href":"https:\/\/putinza.com\/web2\/wp-json\/wp\/v2\/product_tag?post=5609"}],"curies":[{"name":"wp","href":"https:\/\/api.w.org\/{rel}","templated":true}]}}