{"id":5617,"date":"2022-09-02T22:50:26","date_gmt":"2022-09-02T22:50:26","guid":{"rendered":"https:\/\/ltusaperu.com\/?post_type=product&#038;p=5617"},"modified":"2022-09-02T22:55:04","modified_gmt":"2022-09-02T22:55:04","slug":"union-rj45-cat6-lt-45","status":"publish","type":"product","link":"https:\/\/putinza.com\/web2\/product\/union-rj45-cat6-lt-45\/","title":{"rendered":"Uni\u00f3n RJ45 CAT6 LT- 45"},"content":{"rendered":"<p><b>DESCRIPCI\u00d3N DEL PRODUCTO<\/b><strong>:<\/strong><\/p>\n<p class=\"_04xlpA direction-ltr align-justify para-style-body\"><strong><span class=\"JsGRdQ\">El uni\u00f3n RJ45<\/span> <span class=\"JsGRdQ\">ayudan a realizar la conexi\u00f3n correcta cuando necesita unir varios cables de red o necesita extender los cables sin degradaci\u00f3n del rendimiento. Siendo, adaptador Hembra &#8211; Hembra perfecto para empalmar cables de red sin usar ning\u00fan tipo de herramienta.<\/span><\/strong><\/p>\n<p class=\"_04xlpA direction-ltr align-justify para-style-body\"><strong><span class=\"JsGRdQ\">El Inline Coupler est\u00e1 dise\u00f1ado para redes inform\u00e1ticas, aplicaciones de voz y datos<\/span><span class=\"JsGRdQ\">.<\/span><\/strong><\/p>\n<p><strong>Caracter\u00edsticas:\u00a0<\/strong><\/p>\n<ul>\n<li>Voltaje: <span class=\"JsGRdQ\">125 VAC RMS<\/span><\/li>\n<li class=\"_04xlpA direction-ltr align-start para-style-body\"><span class=\"JsGRdQ\">Valoraci\u00f3n actual: 1.5 AMP<\/span><\/li>\n<li><span class=\"JsGRdQ\">Resistencia de contacto: 100 MILLIOHMS Max.<\/span><\/li>\n<li><span class=\"JsGRdQ\">Resistencia de aislamiento: 100 MEGOHMS Min. @500 VDC<\/span><\/li>\n<li><span class=\"JsGRdQ\">Resistencia<\/span> <span class=\"JsGRdQ\">diel\u00e9ctrica: 750 VAC RMS 60Hz, 1 Min.<\/span><\/li>\n<\/ul>\n<p><strong>Ambiental:\u00a0<\/strong><\/p>\n<ul>\n<li style=\"list-style-type: none;\">\n<ul>\n<li>Almacenamiento : <span class=\"JsGRdQ\">-40\u00ba a +85\u00ba<\/span><\/li>\n<li>Operaci\u00f3n: <span class=\"JsGRdQ\">0\u00ba a 70\u00ba<\/span><\/li>\n<\/ul>\n<\/li>\n<\/ul>\n<p><b>Mec\u00e1nica<\/b><strong>:\u00a0<\/strong><\/p>\n<ul>\n<li style=\"list-style-type: none;\">\n<ul>\n<li><span class=\"JsGRdQ\">Material de la carcasa <\/span>: <span class=\"JsGRdQ\">ABS<\/span><\/li>\n<li><span class=\"JsGRdQ\">Material de Inserci\u00f3n: Retardante de llama ABS<\/span><\/li>\n<li><span class=\"JsGRdQ\">Material PCB: FR-4 T=1.6mm<\/span><\/li>\n<li><span class=\"JsGRdQ\">Material de contacto: Pin de sello de bronce f\u00f3sforo\u00a0<\/span><\/li>\n<li><span class=\"JsGRdQ\">Conector RJ45: Tiempo de vida: 750 veces min.<\/span><\/li>\n<\/ul>\n<\/li>\n<\/ul>\n","protected":false},"excerpt":{"rendered":"<ul>\n<li>Voltaje: <span class=\"JsGRdQ\">125 VAC RMS<\/span><\/li>\n<li>Almacenamiento : <span class=\"JsGRdQ\">-40\u00ba a +85\u00ba<\/span><\/li>\n<li><span class=\"JsGRdQ\">Valoraci\u00f3n actual: 1.5 AMP<\/span><\/li>\n<li><span class=\"JsGRdQ\">Material de contacto: Pin de sello de bronce f\u00f3sforo\u00a0<\/span><\/li>\n<li><span class=\"JsGRdQ\">Conector RJ45: Tiempo de vida: 750 veces min.<\/span><\/li>\n<li>Dimensiones del producto: 25.6 x 48.5 x 24.55 mm<\/li>\n<\/ul>\n","protected":false},"featured_media":5618,"comment_status":"open","ping_status":"closed","template":"","meta":[],"product_brand":[146],"product_cat":[94,81,15],"product_tag":[185,144,145],"class_list":{"0":"post-5617","1":"product","2":"type-product","3":"status-publish","4":"has-post-thumbnail","6":"product_brand-lt-usa","7":"product_cat-cat-6-conectores-plug-rj45","8":"product_cat-conectores-rj11-rj12-rj45-cat6-cat5e","9":"product_cat-todaslascategorias","10":"product_tag-lt-usa","11":"product_tag-tecnologia","12":"product_tag-telecomunicaciones","14":"first","15":"instock","16":"taxable","17":"shipping-taxable","18":"purchasable","19":"product-type-simple","20":"col-xs-6 col-sm-4","21":"col-md-3 col-lg-3","22":"un-4-cols"},"_links":{"self":[{"href":"https:\/\/putinza.com\/web2\/wp-json\/wp\/v2\/product\/5617","targetHints":{"allow":["GET"]}}],"collection":[{"href":"https:\/\/putinza.com\/web2\/wp-json\/wp\/v2\/product"}],"about":[{"href":"https:\/\/putinza.com\/web2\/wp-json\/wp\/v2\/types\/product"}],"replies":[{"embeddable":true,"href":"https:\/\/putinza.com\/web2\/wp-json\/wp\/v2\/comments?post=5617"}],"wp:featuredmedia":[{"embeddable":true,"href":"https:\/\/putinza.com\/web2\/wp-json\/wp\/v2\/media\/5618"}],"wp:attachment":[{"href":"https:\/\/putinza.com\/web2\/wp-json\/wp\/v2\/media?parent=5617"}],"wp:term":[{"taxonomy":"product_brand","embeddable":true,"href":"https:\/\/putinza.com\/web2\/wp-json\/wp\/v2\/product_brand?post=5617"},{"taxonomy":"product_cat","embeddable":true,"href":"https:\/\/putinza.com\/web2\/wp-json\/wp\/v2\/product_cat?post=5617"},{"taxonomy":"product_tag","embeddable":true,"href":"https:\/\/putinza.com\/web2\/wp-json\/wp\/v2\/product_tag?post=5617"}],"curies":[{"name":"wp","href":"https:\/\/api.w.org\/{rel}","templated":true}]}}