{"id":5630,"date":"2022-09-05T17:47:23","date_gmt":"2022-09-05T17:47:23","guid":{"rendered":"https:\/\/ltusaperu.com\/?post_type=product&#038;p=5630"},"modified":"2022-09-05T17:51:05","modified_gmt":"2022-09-05T17:51:05","slug":"conector-rj45-cat5e-2u-blindado-lt-108b-cat5e","status":"publish","type":"product","link":"https:\/\/putinza.com\/web2\/product\/conector-rj45-cat5e-2u-blindado-lt-108b-cat5e\/","title":{"rendered":"Conector RJ45 CAT5E, 2U BLINDADO LT- 108B\/CAT5E"},"content":{"rendered":"<ul>\n<li>El plug blindado, es un elemento pasivo especializado, para la conectividad en los puntos de conexiones, tanto para el cuarto de telecomunicaciones como el \u00e1rea de trabajo, es utilizado com\u00fanmente para las redes LAN de alta transferencia de datos. Funciona como una interfaz f\u00edsica para conectar los equipos activos al cableado estructurado para aplicaciones en 10\/100\/1000 Base -T.<\/li>\n<\/ul>\n","protected":false},"excerpt":{"rendered":"<ul>\n<li>Material: Pl\u00e1stico con cubierto de metal.<\/li>\n<li>100 pcs. x bolsa.<\/li>\n<\/ul>\n<p>&nbsp;<\/p>\n","protected":false},"featured_media":5631,"comment_status":"open","ping_status":"closed","template":"","meta":[],"product_brand":[146],"product_cat":[89,81,15],"product_tag":[185,144,145],"class_list":{"0":"post-5630","1":"product","2":"type-product","3":"status-publish","4":"has-post-thumbnail","6":"product_brand-lt-usa","7":"product_cat-cat-5e-conectores-plug-rj45","8":"product_cat-conectores-rj11-rj12-rj45-cat6-cat5e","9":"product_cat-todaslascategorias","10":"product_tag-lt-usa","11":"product_tag-tecnologia","12":"product_tag-telecomunicaciones","14":"first","15":"instock","16":"taxable","17":"shipping-taxable","18":"purchasable","19":"product-type-simple","20":"col-xs-6 col-sm-4","21":"col-md-3 col-lg-3","22":"un-4-cols"},"_links":{"self":[{"href":"https:\/\/putinza.com\/web2\/wp-json\/wp\/v2\/product\/5630","targetHints":{"allow":["GET"]}}],"collection":[{"href":"https:\/\/putinza.com\/web2\/wp-json\/wp\/v2\/product"}],"about":[{"href":"https:\/\/putinza.com\/web2\/wp-json\/wp\/v2\/types\/product"}],"replies":[{"embeddable":true,"href":"https:\/\/putinza.com\/web2\/wp-json\/wp\/v2\/comments?post=5630"}],"wp:featuredmedia":[{"embeddable":true,"href":"https:\/\/putinza.com\/web2\/wp-json\/wp\/v2\/media\/5631"}],"wp:attachment":[{"href":"https:\/\/putinza.com\/web2\/wp-json\/wp\/v2\/media?parent=5630"}],"wp:term":[{"taxonomy":"product_brand","embeddable":true,"href":"https:\/\/putinza.com\/web2\/wp-json\/wp\/v2\/product_brand?post=5630"},{"taxonomy":"product_cat","embeddable":true,"href":"https:\/\/putinza.com\/web2\/wp-json\/wp\/v2\/product_cat?post=5630"},{"taxonomy":"product_tag","embeddable":true,"href":"https:\/\/putinza.com\/web2\/wp-json\/wp\/v2\/product_tag?post=5630"}],"curies":[{"name":"wp","href":"https:\/\/api.w.org\/{rel}","templated":true}]}}