{"id":5719,"date":"2022-09-06T21:09:49","date_gmt":"2022-09-06T21:09:49","guid":{"rendered":"https:\/\/ltusaperu.com\/?post_type=product&#038;p=5719"},"modified":"2022-09-06T21:34:54","modified_gmt":"2022-09-06T21:34:54","slug":"plug-rj-12-4h-6p4c-lt-112","status":"publish","type":"product","link":"https:\/\/putinza.com\/web2\/product\/plug-rj-12-4h-6p4c-lt-112\/","title":{"rendered":"Plug  RJ 12 &#8211; 4H  6P4C LT-112"},"content":{"rendered":"<p><strong>DESCRIPCI\u00d3N DEL PRODUCTO :<\/strong><\/p>\n<ul>\n<li><span class=\"JsGRdQ\">Nuevo y de alta calidad compatibles con ambos s\u00f3lida y Stranded Alambre.<\/span><\/li>\n<li><span class=\"JsGRdQ\">6P4 C cabeza estilo (6 posiciones 4 contactos), conectores de m\u00f3dulo de muy alta calidad.<\/span><\/li>\n<li><span class=\"JsGRdQ\">Hacer que el cable de tel\u00e9fono mediante el uso de este plug. chapado en oro conduce de contacto para una mejor transmisi\u00f3n de datos y superior fuerza de la se\u00f1al. enchufes para Cat 3 s\u00f3lido o trenzado alambre cable s\u00f3lido o trenzado.<\/span><\/li>\n<li><span class=\"JsGRdQ\">Tel\u00e9fono Modular Plug. los enchufes ofrecen soporte para tel\u00e9fono o aplicaciones de voz en casa o en la oficina abling sistemas.<\/span><\/li>\n<\/ul>\n<p><strong>CARACTER\u00cdSTICAS T\u00c9CNCAS :<\/strong><\/p>\n<ul>\n<li>Tipo de conector : <span class=\"JsGRdQ\">RJ12<\/span><\/li>\n<li>Color : <span class=\"JsGRdQ\">Transparente<\/span><\/li>\n<li>Marca : <span class=\"JsGRdQ\">LT<\/span><\/li>\n<li>Peso : <span class=\"JsGRdQ\">7 g<\/span><\/li>\n<li>Contenido : <span class=\"JsGRdQ\">Bol. x 100 pcs.<\/span><\/li>\n<\/ul>\n","protected":false},"excerpt":{"rendered":"<ul>\n<li>Color : <span class=\"JsGRdQ\">Transparente<\/span><\/li>\n<li>Contenido : <span class=\"JsGRdQ\">Bol. x 100 pcs.<\/span><\/li>\n<\/ul>\n","protected":false},"featured_media":5722,"comment_status":"open","ping_status":"closed","template":"","meta":[],"product_brand":[146],"product_cat":[81,15],"product_tag":[185,95,144,145],"class_list":{"0":"post-5719","1":"product","2":"type-product","3":"status-publish","4":"has-post-thumbnail","6":"product_brand-lt-usa","7":"product_cat-conectores-rj11-rj12-rj45-cat6-cat5e","8":"product_cat-todaslascategorias","9":"product_tag-lt-usa","10":"product_tag-technologies","11":"product_tag-tecnologia","12":"product_tag-telecomunicaciones","14":"first","15":"instock","16":"taxable","17":"shipping-taxable","18":"purchasable","19":"product-type-simple","20":"col-xs-6 col-sm-4","21":"col-md-3 col-lg-3","22":"un-4-cols"},"_links":{"self":[{"href":"https:\/\/putinza.com\/web2\/wp-json\/wp\/v2\/product\/5719","targetHints":{"allow":["GET"]}}],"collection":[{"href":"https:\/\/putinza.com\/web2\/wp-json\/wp\/v2\/product"}],"about":[{"href":"https:\/\/putinza.com\/web2\/wp-json\/wp\/v2\/types\/product"}],"replies":[{"embeddable":true,"href":"https:\/\/putinza.com\/web2\/wp-json\/wp\/v2\/comments?post=5719"}],"wp:featuredmedia":[{"embeddable":true,"href":"https:\/\/putinza.com\/web2\/wp-json\/wp\/v2\/media\/5722"}],"wp:attachment":[{"href":"https:\/\/putinza.com\/web2\/wp-json\/wp\/v2\/media?parent=5719"}],"wp:term":[{"taxonomy":"product_brand","embeddable":true,"href":"https:\/\/putinza.com\/web2\/wp-json\/wp\/v2\/product_brand?post=5719"},{"taxonomy":"product_cat","embeddable":true,"href":"https:\/\/putinza.com\/web2\/wp-json\/wp\/v2\/product_cat?post=5719"},{"taxonomy":"product_tag","embeddable":true,"href":"https:\/\/putinza.com\/web2\/wp-json\/wp\/v2\/product_tag?post=5719"}],"curies":[{"name":"wp","href":"https:\/\/api.w.org\/{rel}","templated":true}]}}