{"id":5758,"date":"2022-09-21T17:55:29","date_gmt":"2022-09-21T17:55:29","guid":{"rendered":"https:\/\/ltusaperu.com\/?post_type=product&#038;p=5758"},"modified":"2022-09-21T17:59:42","modified_gmt":"2022-09-21T17:59:42","slug":"canaleta-pvc-40x40x2000-mm-lt-40x40","status":"publish","type":"product","link":"https:\/\/putinza.com\/web2\/product\/canaleta-pvc-40x40x2000-mm-lt-40x40\/","title":{"rendered":"Canaleta PVC 40x40x2000 mm LT-40&#215;40"},"content":{"rendered":"<p><strong>CARACTER\u00cdSTICAS\u00a0 :<\/strong><\/p>\n<ul>\n<li><span class=\"JsGRdQ\">Marca : LT USA<\/span><\/li>\n<li><span class=\"JsGRdQ\">Su construcci\u00f3n con acoplamiento ofrece un cierre herm\u00e9tico que protege del polvo y agua.<\/span><\/li>\n<li><span class=\"JsGRdQ\">De constituci\u00f3n amplia permite soportar cantidades superiores de cables.<\/span><\/li>\n<li><span class=\"JsGRdQ\">Compatible con accesorios de canalizaci\u00f3n reductor, rinconero, esquinero, uni\u00f3n plana curva plana, tapa final, T-reductora , T-plana y T-creciente.<\/span><\/li>\n<li><span class=\"JsGRdQ\">Material PVC de alto impacto (ABS) ,resistente a la abrasi\u00f3n con cierre herm\u00e9tico.<\/span><\/li>\n<li><span class=\"JsGRdQ\">Utilizado<\/span> <span class=\"JsGRdQ\">para redes el\u00e9ctricos , de c\u00f3mputo, telef\u00f3nicas y otros.<\/span><\/li>\n<li><span class=\"JsGRdQ\">Ahorro de tiempo y optimizaci\u00f3n de instalaci\u00f3n .<\/span><\/li>\n<li><span class=\"JsGRdQ\">Resistente a qu\u00edmicos de limpieza.<\/span><\/li>\n<li><span class=\"JsGRdQ\">Dise\u00f1ado de acuerdo al est\u00e1ndar ANSI\/TIA 569.<\/span><\/li>\n<li><span class=\"JsGRdQ\">Grado de protecci\u00f3n : IP40<\/span><\/li>\n<li><span class=\"JsGRdQ\">Longitud de 2 metros.<\/span><\/li>\n<li><span class=\"JsGRdQ\">Color Blanco.<\/span><\/li>\n<\/ul>\n<p><strong>COMPLEMENTARIO :<\/strong><\/p>\n<ul>\n<li><span class=\"JsGRdQ\">Nombre del producto:\u00a0 \u00a0 \u00a0 \u00a0 \u00a0 \u00a0 \u00a0 \u00a0 \u00a0 \u00a0 \u00a0 \u00a0 \u00a0 \u00a0 \u00a0 \u00a0Canaleta de pared sin adhesivo-40&#215;40-PVC<\/span><\/li>\n<li><span class=\"JsGRdQ\">Enlace de secci\u00f3n cruzada :\u00a0 \u00a0 \u00a0 \u00a0 \u00a0 \u00a0 \u00a0 \u00a0 \u00a0 \u00a0 \u00a0 40&#215;40 mm<\/span><\/li>\n<li><span class=\"JsGRdQ\">Compartimentaci\u00f3n :\u00a0 \u00a0 \u00a0 \u00a0 \u00a0 \u00a0 \u00a0 \u00a0 \u00a0 \u00a0 \u00a0 \u00a0 \u00a0 \u00a0 \u00a0 \u00a0 1 compartimento<\/span><\/li>\n<li><span class=\"JsGRdQ\">Material :\u00a0 \u00a0 \u00a0 \u00a0 \u00a0 \u00a0 \u00a0 \u00a0 \u00a0 \u00a0 \u00a0 \u00a0 \u00a0 \u00a0 \u00a0 \u00a0 \u00a0 \u00a0 \u00a0 \u00a0 \u00a0 \u00a0 \u00a0 \u00a0 \u00a0PVC (cloruro de polivinilo)<\/span><\/li>\n<li><span class=\"JsGRdQ\">Longitud :\u00a0 \u00a0 \u00a0 \u00a0 \u00a0 \u00a0 \u00a0 \u00a0 \u00a0 \u00a0 \u00a0 \u00a0 \u00a0 \u00a0 \u00a0 \u00a0 \u00a0 \u00a0 \u00a0 \u00a0 \u00a0 \u00a0 \u00a0 \u00a0 2000 mm<\/span><\/li>\n<li><span class=\"JsGRdQ\">Anchura :\u00a0 \u00a0 \u00a0 \u00a0 \u00a0 \u00a0 \u00a0 \u00a0 \u00a0 \u00a0 \u00a0 \u00a0 \u00a0 \u00a0 \u00a0 \u00a0 \u00a0 \u00a0 \u00a0 \u00a0 \u00a0 \u00a0 \u00a0 \u00a0 \u00a040 mm<\/span><\/li>\n<li><span class=\"JsGRdQ\">Altura :\u00a0 \u00a0 \u00a0 \u00a0 \u00a0 \u00a0 \u00a0 \u00a0 \u00a0 \u00a0 \u00a0 \u00a0 \u00a0 \u00a0 \u00a0 \u00a0 \u00a0 \u00a0 \u00a0 \u00a0 \u00a0 \u00a0 \u00a0 \u00a0 \u00a0 \u00a0 \u00a040 mm<\/span><\/li>\n<li><span class=\"JsGRdQ\">Grado de protecci\u00f3n :\u00a0 \u00a0 \u00a0 \u00a0 \u00a0 \u00a0 \u00a0 \u00a0 \u00a0 \u00a0 \u00a0 \u00a0 \u00a0 \u00a0 \u00a0 \u00a0 \u00a0IP40<\/span><\/li>\n<li>Periodo de garant\u00eda :\u00a0 \u00a0 \u00a0 \u00a0 \u00a0 \u00a0 \u00a0 \u00a0 \u00a0 \u00a0 \u00a0 \u00a0 \u00a0 \u00a0 \u00a0 \u00a0 \u00a0 \u00a05 a\u00f1os<\/li>\n<li>Modo de fijaci\u00f3n :\u00a0 \u00a0 \u00a0 \u00a0 \u00a0 \u00a0 \u00a0 \u00a0 \u00a0 \u00a0 \u00a0 \u00a0 \u00a0 \u00a0 \u00a0 \u00a0 \u00a0 \u00a0 \u00a0 Sin Adhesivo ,Fijado mediante tornillo<\/li>\n<\/ul>\n","protected":false},"excerpt":{"rendered":"<ul>\n<li><span class=\"JsGRdQ\">Canalizaci\u00f3n en pared.<\/span><\/li>\n<li>Est\u00e9ticas, duraderas y funcionales.<\/li>\n<li><span class=\"JsGRdQ\">1 Compartimento.<\/span><\/li>\n<li>Color blanco.<\/li>\n<li>Material PVC.<\/li>\n<li><span class=\"JsGRdQ\">Mide 2 metros de largo .<\/span><\/li>\n<\/ul>\n","protected":false},"featured_media":5759,"comment_status":"open","ping_status":"closed","template":"","meta":[],"product_brand":[146],"product_cat":[277,164,15],"product_tag":[],"class_list":{"0":"post-5758","1":"product","2":"type-product","3":"status-publish","4":"has-post-thumbnail","6":"product_brand-lt-usa","7":"product_cat-canaleta-de-pared","8":"product_cat-canaletas","9":"product_cat-todaslascategorias","11":"first","12":"instock","13":"taxable","14":"shipping-taxable","15":"purchasable","16":"product-type-simple","17":"col-xs-6 col-sm-4","18":"col-md-3 col-lg-3","19":"un-4-cols"},"_links":{"self":[{"href":"https:\/\/putinza.com\/web2\/wp-json\/wp\/v2\/product\/5758","targetHints":{"allow":["GET"]}}],"collection":[{"href":"https:\/\/putinza.com\/web2\/wp-json\/wp\/v2\/product"}],"about":[{"href":"https:\/\/putinza.com\/web2\/wp-json\/wp\/v2\/types\/product"}],"replies":[{"embeddable":true,"href":"https:\/\/putinza.com\/web2\/wp-json\/wp\/v2\/comments?post=5758"}],"wp:featuredmedia":[{"embeddable":true,"href":"https:\/\/putinza.com\/web2\/wp-json\/wp\/v2\/media\/5759"}],"wp:attachment":[{"href":"https:\/\/putinza.com\/web2\/wp-json\/wp\/v2\/media?parent=5758"}],"wp:term":[{"taxonomy":"product_brand","embeddable":true,"href":"https:\/\/putinza.com\/web2\/wp-json\/wp\/v2\/product_brand?post=5758"},{"taxonomy":"product_cat","embeddable":true,"href":"https:\/\/putinza.com\/web2\/wp-json\/wp\/v2\/product_cat?post=5758"},{"taxonomy":"product_tag","embeddable":true,"href":"https:\/\/putinza.com\/web2\/wp-json\/wp\/v2\/product_tag?post=5758"}],"curies":[{"name":"wp","href":"https:\/\/api.w.org\/{rel}","templated":true}]}}