{"id":5792,"date":"2022-10-27T20:12:22","date_gmt":"2022-10-27T20:12:22","guid":{"rendered":"https:\/\/ltusaperu.com\/?post_type=product&#038;p=5792"},"modified":"2022-10-27T20:12:22","modified_gmt":"2022-10-27T20:12:22","slug":"adaptador-de-toma-multiple-a-shuko-220vac-lt-sk2","status":"publish","type":"product","link":"https:\/\/putinza.com\/web2\/product\/adaptador-de-toma-multiple-a-shuko-220vac-lt-sk2\/","title":{"rendered":"Adaptador de toma multiple a shuko 220VAC LT-SK2"},"content":{"rendered":"<p><strong>CARACTER\u00cdSTICAS\u00a0 :<\/strong><\/p>\n<ul>\n<li><span class=\"JsGRdQ\">Las aberturas de recept\u00e1culo de salida con forma \u00fanica aceptan muchos tipos de enchufes internacionales, incluidos los tipos comunes brit\u00e1nicos, franceses y alemanes.<\/span><\/li>\n<\/ul>\n","protected":false},"excerpt":{"rendered":"<ul>\n<li><span class=\"JsGRdQ\">Material : Pl\u00e1stico y Metal<\/span><\/li>\n<li>Voltaje : 220-250 VAC<\/li>\n<li>Amperaje 10 AMP<\/li>\n<li>10 pcs. x Cj.<\/li>\n<li>Color: Negro<\/li>\n<li>Espiga de cobre<\/li>\n<\/ul>\n","protected":false},"featured_media":5793,"comment_status":"open","ping_status":"closed","template":"","meta":[],"product_brand":[146],"product_cat":[293,15],"product_tag":[],"class_list":{"0":"post-5792","1":"product","2":"type-product","3":"status-publish","4":"has-post-thumbnail","6":"product_brand-lt-usa","7":"product_cat-conectividad-diverso","8":"product_cat-todaslascategorias","10":"first","11":"instock","12":"taxable","13":"shipping-taxable","14":"purchasable","15":"product-type-simple","16":"col-xs-6 col-sm-4","17":"col-md-3 col-lg-3","18":"un-4-cols"},"_links":{"self":[{"href":"https:\/\/putinza.com\/web2\/wp-json\/wp\/v2\/product\/5792","targetHints":{"allow":["GET"]}}],"collection":[{"href":"https:\/\/putinza.com\/web2\/wp-json\/wp\/v2\/product"}],"about":[{"href":"https:\/\/putinza.com\/web2\/wp-json\/wp\/v2\/types\/product"}],"replies":[{"embeddable":true,"href":"https:\/\/putinza.com\/web2\/wp-json\/wp\/v2\/comments?post=5792"}],"wp:featuredmedia":[{"embeddable":true,"href":"https:\/\/putinza.com\/web2\/wp-json\/wp\/v2\/media\/5793"}],"wp:attachment":[{"href":"https:\/\/putinza.com\/web2\/wp-json\/wp\/v2\/media?parent=5792"}],"wp:term":[{"taxonomy":"product_brand","embeddable":true,"href":"https:\/\/putinza.com\/web2\/wp-json\/wp\/v2\/product_brand?post=5792"},{"taxonomy":"product_cat","embeddable":true,"href":"https:\/\/putinza.com\/web2\/wp-json\/wp\/v2\/product_cat?post=5792"},{"taxonomy":"product_tag","embeddable":true,"href":"https:\/\/putinza.com\/web2\/wp-json\/wp\/v2\/product_tag?post=5792"}],"curies":[{"name":"wp","href":"https:\/\/api.w.org\/{rel}","templated":true}]}}