{"id":5801,"date":"2022-10-27T21:31:55","date_gmt":"2022-10-27T21:31:55","guid":{"rendered":"https:\/\/ltusaperu.com\/?post_type=product&#038;p=5801"},"modified":"2022-10-27T21:32:20","modified_gmt":"2022-10-27T21:32:20","slug":"face-place-2-puerto-pvc-45o-ul-iconeable-blanco-tipo-120-70x115-mm-lt-245","status":"publish","type":"product","link":"https:\/\/putinza.com\/web2\/product\/face-place-2-puerto-pvc-45o-ul-iconeable-blanco-tipo-120-70x115-mm-lt-245\/","title":{"rendered":"Face Place 2 puerto PVC 45\u00ba UL Iconeable Blanco tipo 120 70&#215;115 MM  LT-245"},"content":{"rendered":"<p><strong>CARACTER\u00cdSTICAS\u00a0 :<\/strong><\/p>\n<ul>\n<li><span class=\"JsGRdQ\">Capaz de coincidir con los m\u00f3dulos Keystone y jack Keystone,<\/span><\/li>\n<li><span class=\"JsGRdQ\">Se puede encajar y desconectar convenientemente.<\/span><\/li>\n<li><span class=\"JsGRdQ\">Dise\u00f1o modular para futuras expansiones.<\/span><\/li>\n<li><span class=\"JsGRdQ\">Materiales ABS ign\u00edfugos de alto impacto.<\/span><\/li>\n<li><span class=\"JsGRdQ\">Sistema completo para instalar en cajas modulares empotrados.<\/span><\/li>\n<li><span class=\"JsGRdQ\">Compatible con las cajas embutidas o de sobreponer padr\u00f3n 4&#8243; x 2&#8243;.<\/span><\/li>\n<li><span class=\"JsGRdQ\">Acompa\u00f1a Tornillos de fijaci\u00f3n.<\/span><\/li>\n<li><span class=\"JsGRdQ\">Soporte para etiquetas con protecci\u00f3n en acr\u00edlico.<\/span><\/li>\n<\/ul>\n<p><strong>USO\u00a0 :<\/strong><\/p>\n<ul>\n<li><span class=\"JsGRdQ\">El Face plate permite la instalaci\u00f3n de puertos RJ45 en el escritorio del usuario mediante la conexi\u00f3n con el sistema de cableado estructurado. Por ser un producto modular garantiza flexibilidad, pudiendo ser montado con los m\u00f3dulos que mejor se adecuen al su proyecto.<\/span><\/li>\n<li><span class=\"JsGRdQ\">Computadora, telefon\u00eda, estaci\u00f3n de trabajo, servidores, tel\u00e9fono m\u00f3vil, computadora port\u00e1til.<\/span><\/li>\n<\/ul>\n<p>&nbsp;<\/p>\n","protected":false},"excerpt":{"rendered":"<ul>\n<li><span class=\"JsGRdQ\">Placa : Frontal<\/span><\/li>\n<li>Tipo : 120<\/li>\n<li>Grados : 45\u00ba<\/li>\n<li>Color : Blanco<\/li>\n<li>Dimensiones : ancho 7 , Alto 11.5 mm<\/li>\n<\/ul>\n","protected":false},"featured_media":5802,"comment_status":"open","ping_status":"closed","template":"","meta":[],"product_brand":[146],"product_cat":[293,15],"product_tag":[],"class_list":{"0":"post-5801","1":"product","2":"type-product","3":"status-publish","4":"has-post-thumbnail","6":"product_brand-lt-usa","7":"product_cat-conectividad-diverso","8":"product_cat-todaslascategorias","10":"first","11":"instock","12":"taxable","13":"shipping-taxable","14":"purchasable","15":"product-type-simple","16":"col-xs-6 col-sm-4","17":"col-md-3 col-lg-3","18":"un-4-cols"},"_links":{"self":[{"href":"https:\/\/putinza.com\/web2\/wp-json\/wp\/v2\/product\/5801","targetHints":{"allow":["GET"]}}],"collection":[{"href":"https:\/\/putinza.com\/web2\/wp-json\/wp\/v2\/product"}],"about":[{"href":"https:\/\/putinza.com\/web2\/wp-json\/wp\/v2\/types\/product"}],"replies":[{"embeddable":true,"href":"https:\/\/putinza.com\/web2\/wp-json\/wp\/v2\/comments?post=5801"}],"wp:featuredmedia":[{"embeddable":true,"href":"https:\/\/putinza.com\/web2\/wp-json\/wp\/v2\/media\/5802"}],"wp:attachment":[{"href":"https:\/\/putinza.com\/web2\/wp-json\/wp\/v2\/media?parent=5801"}],"wp:term":[{"taxonomy":"product_brand","embeddable":true,"href":"https:\/\/putinza.com\/web2\/wp-json\/wp\/v2\/product_brand?post=5801"},{"taxonomy":"product_cat","embeddable":true,"href":"https:\/\/putinza.com\/web2\/wp-json\/wp\/v2\/product_cat?post=5801"},{"taxonomy":"product_tag","embeddable":true,"href":"https:\/\/putinza.com\/web2\/wp-json\/wp\/v2\/product_tag?post=5801"}],"curies":[{"name":"wp","href":"https:\/\/api.w.org\/{rel}","templated":true}]}}