{"id":5814,"date":"2022-10-27T22:41:06","date_gmt":"2022-10-27T22:41:06","guid":{"rendered":"https:\/\/ltusaperu.com\/?post_type=product&#038;p=5814"},"modified":"2022-10-27T22:41:06","modified_gmt":"2022-10-27T22:41:06","slug":"mufa-de-fibra-optica-tipo-bala-12f-lt-m12f","status":"publish","type":"product","link":"https:\/\/putinza.com\/web2\/product\/mufa-de-fibra-optica-tipo-bala-12f-lt-m12f\/","title":{"rendered":"Mufa de fibra \u00f3ptica tipo bala 12F LT-M12F"},"content":{"rendered":"<p><strong>DESCRIPCI\u00d3N\u00a0 :<\/strong><\/p>\n<ul>\n<li>\n<p class=\"_04xlpA direction-ltr align-justify para-style-body\"><span class=\"JsGRdQ\">Es un producto destinado a proteger los puntos de fusi\u00f3n de fibra optica, en Redes de Planta externa, su dise\u00f1o de cierre central mediante sello, evita el ingreso de humedad y aire al interior de la cavidad contenedora de las fibras.<\/span><\/p>\n<p class=\"_04xlpA direction-ltr align-justify para-style-body\"><span class=\"JsGRdQ\">Poseen una mec\u00e1nica re-entrable, herm\u00e9tica y de gran resistencia a los esfuerzos mec\u00e1nicos y a condiciones clim\u00e1ticas hostiles, as\u00ed como tambi\u00e9n es de f\u00e1cil acceso para efectos de ampliaci\u00f3n e inspecci\u00f3n.<\/span><\/p>\n<\/li>\n<\/ul>\n<p><strong>CARACTER\u00cdSTICAS Y APARENCIA\u00a0 :<\/strong><\/p>\n<ul>\n<li><span class=\"JsGRdQ\">Mayor densidad.<\/span><\/li>\n<li>Espacio adecuado para almacenamiento de fibras.<\/li>\n<li>F\u00e1cil operaci\u00f3n.<\/li>\n<li>Empalme de un solo n\u00facleo o fusi\u00f3n en masa.<\/li>\n<\/ul>\n<p>&nbsp;<\/p>\n","protected":false},"excerpt":{"rendered":"<ul>\n<li>Seguridad IP68<\/li>\n<li>Temperatura : -40\u00baC -+ 65\u00baC<\/li>\n<li>Dimensiones : Alto 28 cm , di\u00e1metro del globo superior:\u00a0 11.5cm , di\u00e1metro del sujetador inferior : 15.5cm<\/li>\n<li>Peso : 1.56 Kg x cj.<\/li>\n<li>Cj x 10 pcs<\/li>\n<\/ul>\n","protected":false},"featured_media":5815,"comment_status":"open","ping_status":"closed","template":"","meta":[],"product_brand":[146],"product_cat":[293,15],"product_tag":[],"class_list":{"0":"post-5814","1":"product","2":"type-product","3":"status-publish","4":"has-post-thumbnail","6":"product_brand-lt-usa","7":"product_cat-conectividad-diverso","8":"product_cat-todaslascategorias","10":"first","11":"instock","12":"taxable","13":"shipping-taxable","14":"purchasable","15":"product-type-simple","16":"col-xs-6 col-sm-4","17":"col-md-3 col-lg-3","18":"un-4-cols"},"_links":{"self":[{"href":"https:\/\/putinza.com\/web2\/wp-json\/wp\/v2\/product\/5814","targetHints":{"allow":["GET"]}}],"collection":[{"href":"https:\/\/putinza.com\/web2\/wp-json\/wp\/v2\/product"}],"about":[{"href":"https:\/\/putinza.com\/web2\/wp-json\/wp\/v2\/types\/product"}],"replies":[{"embeddable":true,"href":"https:\/\/putinza.com\/web2\/wp-json\/wp\/v2\/comments?post=5814"}],"wp:featuredmedia":[{"embeddable":true,"href":"https:\/\/putinza.com\/web2\/wp-json\/wp\/v2\/media\/5815"}],"wp:attachment":[{"href":"https:\/\/putinza.com\/web2\/wp-json\/wp\/v2\/media?parent=5814"}],"wp:term":[{"taxonomy":"product_brand","embeddable":true,"href":"https:\/\/putinza.com\/web2\/wp-json\/wp\/v2\/product_brand?post=5814"},{"taxonomy":"product_cat","embeddable":true,"href":"https:\/\/putinza.com\/web2\/wp-json\/wp\/v2\/product_cat?post=5814"},{"taxonomy":"product_tag","embeddable":true,"href":"https:\/\/putinza.com\/web2\/wp-json\/wp\/v2\/product_tag?post=5814"}],"curies":[{"name":"wp","href":"https:\/\/api.w.org\/{rel}","templated":true}]}}