{"id":5829,"date":"2022-10-31T17:26:46","date_gmt":"2022-10-31T17:26:46","guid":{"rendered":"https:\/\/ltusaperu.com\/?post_type=product&#038;p=5829"},"modified":"2022-10-31T17:26:46","modified_gmt":"2022-10-31T17:26:46","slug":"plug-rj45-cat-6a-metalico-sftp-lt-cat6a-pf","status":"publish","type":"product","link":"https:\/\/putinza.com\/web2\/product\/plug-rj45-cat-6a-metalico-sftp-lt-cat6a-pf\/","title":{"rendered":"Plug RJ45 CAT 6A met\u00e1lico SFTP LT-CAT6A\/PF"},"content":{"rendered":"<p><strong>DESCRIPCION\u00a0 :<\/strong><\/p>\n<ul>\n<li>Plug RJ45 CAT6A met\u00e1lico SFTP para conexiones r\u00e1pidas , confiables y de alto rendimiento . Este es compatible con UL 2043.<\/li>\n<li>Admite transmisi\u00f3n del sistema 10G rendimiento para alta velocidad de hoy aplicaciones como IEEE 802.1 1ac Wifi.<\/li>\n<\/ul>\n<p><strong>CARACTER\u00cdSTICAS MEC\u00c1NICAS Y EL\u00c9CTRICAS\u00a0 :<\/strong><\/p>\n<ul>\n<li>Temperatura de Operaci\u00f3n : -40\u00baC to 75\u00baC<\/li>\n<li>Protecci\u00f3n IP 20<\/li>\n<li>Voltaje t\u00edpico de operaci\u00f3n : 1000 VAC contacto a contacto, 1500 VCC contacto a blindaje.<\/li>\n<li>M\u00e1x. Cable OD: 9.5mm (0.37 in)<\/li>\n<li>Min. Fuerza de retenci\u00f3n del tap\u00f3n 50 N (11,24 lbf)<\/li>\n<li>Min. fuerza de acoplamiento\/ desacoplamiento 20N (4,5 lbf)<\/li>\n<li>Min. fuerza de retenci\u00f3n del cable 22\/23 AWG\u00a0 100 N (22,48 lbf) 26 AWG 50 N (11,24 lbf)<\/li>\n<li>Resistencia de contacto acoplado 20 m\u2126<\/li>\n<li>Ingreso a salida DC, resiste a 200 m\u2126 (conductores de se\u00f1al ), 100 m\u2126 (blindaje)<\/li>\n<li>Corriente nominal a 25\u00baC (77\u00baF) 1,5 A<\/li>\n<li>Caracter\u00edsticas ecol\u00f3gicas RoHS, sin plomo, sin hal\u00f3genos, sin PVC.<\/li>\n<\/ul>\n","protected":false},"excerpt":{"rendered":"<ul>\n<li>Protecci\u00f3n IP 20<\/li>\n<li>1 pcs. x bolsa<\/li>\n<li>Voltaje de operaci\u00f3n 1000 VAC<\/li>\n<li>Con certificado CE\/ANSI\/TIA<\/li>\n<\/ul>\n","protected":false},"featured_media":5830,"comment_status":"open","ping_status":"closed","template":"","meta":[],"product_brand":[146],"product_cat":[293,15],"product_tag":[],"class_list":{"0":"post-5829","1":"product","2":"type-product","3":"status-publish","4":"has-post-thumbnail","6":"product_brand-lt-usa","7":"product_cat-conectividad-diverso","8":"product_cat-todaslascategorias","10":"first","11":"instock","12":"taxable","13":"shipping-taxable","14":"purchasable","15":"product-type-simple","16":"col-xs-6 col-sm-4","17":"col-md-3 col-lg-3","18":"un-4-cols"},"_links":{"self":[{"href":"https:\/\/putinza.com\/web2\/wp-json\/wp\/v2\/product\/5829","targetHints":{"allow":["GET"]}}],"collection":[{"href":"https:\/\/putinza.com\/web2\/wp-json\/wp\/v2\/product"}],"about":[{"href":"https:\/\/putinza.com\/web2\/wp-json\/wp\/v2\/types\/product"}],"replies":[{"embeddable":true,"href":"https:\/\/putinza.com\/web2\/wp-json\/wp\/v2\/comments?post=5829"}],"wp:featuredmedia":[{"embeddable":true,"href":"https:\/\/putinza.com\/web2\/wp-json\/wp\/v2\/media\/5830"}],"wp:attachment":[{"href":"https:\/\/putinza.com\/web2\/wp-json\/wp\/v2\/media?parent=5829"}],"wp:term":[{"taxonomy":"product_brand","embeddable":true,"href":"https:\/\/putinza.com\/web2\/wp-json\/wp\/v2\/product_brand?post=5829"},{"taxonomy":"product_cat","embeddable":true,"href":"https:\/\/putinza.com\/web2\/wp-json\/wp\/v2\/product_cat?post=5829"},{"taxonomy":"product_tag","embeddable":true,"href":"https:\/\/putinza.com\/web2\/wp-json\/wp\/v2\/product_tag?post=5829"}],"curies":[{"name":"wp","href":"https:\/\/api.w.org\/{rel}","templated":true}]}}