{"id":5888,"date":"2023-01-21T18:13:17","date_gmt":"2023-01-21T18:13:17","guid":{"rendered":"https:\/\/ltusaperu.com\/?post_type=product&#038;p=5888"},"modified":"2023-01-23T22:36:47","modified_gmt":"2023-01-23T22:36:47","slug":"cable-f-utp-cat6-23-awg-x-305mtr-cobre-puro-ldpe-exterior-lt-640","status":"publish","type":"product","link":"https:\/\/putinza.com\/web2\/product\/cable-f-utp-cat6-23-awg-x-305mtr-cobre-puro-ldpe-exterior-lt-640\/","title":{"rendered":"Cable F\/UTP CAT6 23 AWG x 305Mtr COBRE PURO. LDPE Exterior .  LT-640"},"content":{"rendered":"<p><strong>DESCRIPCI\u00d3N DEL PRODUCTO :<\/strong><\/p>\n<ul>\n<li>Chaqueta resistente a los rayos UV para resistir la luz solar, la suciedad, la nieve y la humedad.<\/li>\n<li>Compatible con PoE, PoE+ (IEEE 802.3af\/at), certificaciones de CE, Reach y RoHS<\/li>\n<li><span class=\"JsGRdQ\">El Cable cat 6 de LT USA, cuenta con gran rendimiento y protecci\u00f3n, cumpliendo con los requerimientos especificados en la norma ISO\/IEC11801\u3001TIA-568-C.2<\/span><\/li>\n<li>Contiene un blindaje de l\u00e1mina de aluminio el cual permite una mejor protecci\u00f3n contra interferencias electromagn\u00e9ticas.<\/li>\n<li>Probado con un analizador de cables Fluke DSX-8000 Versiv<\/li>\n<\/ul>\n<p><strong>APLICACIONES :<\/strong><\/p>\n<ul>\n<li><span class=\"JsGRdQ\">Los cables son empleados para aplicaciones vigentes para CAT 6, tales como 10 Base T, 100 Base TX, y 1000 Base TX.<\/span><\/li>\n<li>Perfectamente para proyectos de instalaci\u00f3n al aire libre\/entierro<\/li>\n<li>Edificios de clase comercial.<\/li>\n<li>CCTV IP Megapixel \/ Instalaciones de video an\u00e1logo \/ Redes locales de alta velocidad<\/li>\n<li>Redes inal\u00e1mbricas<\/li>\n<li>Para aplicaciones de alta velocidad de datos, Fast Ethernet y Gigabit Ethernet.<\/li>\n<li>Instalaciones Gigabit de voz\/datos.<\/li>\n<li>Tipo FTP<\/li>\n<\/ul>\n<p><strong>ESPECIFICACIONES DEL CABLE<\/strong><\/p>\n<p>Categor\u00eda: F\/UTP CAT6<\/p>\n<p>Aplicaci\u00f3n: Exterior<\/p>\n<p>Medida: 305 \u00b1 1.5 m<\/p>\n<p><strong><em>Conductor\u00a0<\/em><\/strong><\/p>\n<ul>\n<li>Estructura:\u00a0 \u00a0 \u00a0 \u00a0 \u00a0 \u00a0 \u00a023 AWG<\/li>\n<li>Material:\u00a0 \u00a0 \u00a0 \u00a0 \u00a0 \u00a0 \u00a0 \u00a0 Cobre s\u00f3lido 100%<\/li>\n<li>Di\u00e1metro:\u00a0 \u00a0 \u00a0 \u00a0 \u00a0 \u00a0 \u00a0 \u00a00.550 \u00b1 0.005 mm<\/li>\n<\/ul>\n<p><strong><em>Aislamiento del conductor\u00a0<\/em><\/strong><\/p>\n<ul>\n<li>Material:\u00a0 \u00a0 \u00a0 \u00a0 \u00a0 \u00a0 \u00a0 \u00a0 \u00a0HDPE<\/li>\n<li>Di\u00e1metro:\u00a0 \u00a0 \u00a0 \u00a0 \u00a0 \u00a0 \u00a0 \u00a01.10 \u00b1 0.05 mm<\/li>\n<li>N\u00famero de pares:\u00a0 \u00a0 4<\/li>\n<\/ul>\n<p><em><strong>Screening Material<\/strong><\/em><\/p>\n<p>Mylar+ AL\/Mylar<\/p>\n<p><em><strong>Cubierta<\/strong><\/em><\/p>\n<ul>\n<li>Material:\u00a0 \u00a0 \u00a0 \u00a0 \u00a0 \u00a0 \u00a0 \u00a0 LDPE (complies RoHS)<\/li>\n<li>Di\u00e1metro:\u00a0 \u00a0 \u00a0 \u00a0 \u00a0 \u00a0 \u00a0 7.4 \u00b1 0.4 mm<\/li>\n<li>Espesor:\u00a0 \u00a0 \u00a0 \u00a0 \u00a0 \u00a0 \u00a0 \u00a0 0.55 \u00b1 0.05 mm<\/li>\n<li>Color:\u00a0 \u00a0 \u00a0 \u00a0 \u00a0 \u00a0 \u00a0 \u00a0 \u00a0 \u00a0 Negro<\/li>\n<li>Temperatura de trabajo: -20 \u2103 ~+ 60 \u2103<\/li>\n<\/ul>\n<p><strong>ESPECIFICACIONES EL\u00c9CTRICAS :<\/strong><\/p>\n<ul>\n<li>Resistencia del conductor:\u00a0 \u00a0 \u00a0 \u00a0 \u00a0 \u00a0 \u00a0 \u00a0 \u00a0 \u00a0 \u00a0 \u00a0\u2264 9.38 \u03a9\/100 m 20\u00b0C Max.<\/li>\n<li>Delay Skew:\u00a0 \u00a0 \u00a0 \u00a0 \u00a0 \u00a0 \u00a0 \u00a0 \u00a0 \u00a0 \u00a0 \u00a0 \u00a0 \u00a0 \u00a0 \u00a0 \u00a0 \u00a0 \u00a0 \u00a0 \u00a0 \u00a0 \u00a0 \u2264 45 ns\/100 m<\/li>\n<li>Capacitancia:\u00a0 \u00a0 \u00a0 \u00a0 \u00a0 \u00a0 \u00a0 \u00a0 \u00a0 \u00a0 \u00a0 \u00a0 \u00a0 \u00a0 \u00a0 \u00a0 \u00a0 \u00a0 \u00a0 \u00a0 \u00a0 \u00a0 \u00a0\u2264 330 pf\/100 m<\/li>\n<li>Desequilibrio de resistencia DC:\u00a0 \u00a0 \u00a0 \u00a0 \u00a0 \u00a0 \u00a0 \u00a0\u2264 5%<\/li>\n<li>Impedancia caracter\u00edstica (\u03a9): 100 +\/- 15% (de 1 a 350 MHz)<\/li>\n<\/ul>\n<p><strong>ESPECIFICACIONES MEC\u00c1NICAS:<\/strong><\/p>\n<ul>\n<li>Before Aging Tensile Strength (Mpa):\u00a0 \u00a0 \u00a0 \u00a0\u226510<\/li>\n<li>Before Aging Elongation (%):\u00a0 \u00a0 \u00a0 \u00a0 \u00a0 \u00a0 \u00a0 \u00a0 \u00a0 \u00a0 \u2265350<\/li>\n<li>Aging Period (\u2103\u00d7hrs):\u00a0 \u00a0 \u00a0 \u00a0 \u00a0 \u00a0 \u00a0 \u00a0 \u00a0 \u00a0 \u00a0 \u00a0 \u00a0 \u00a0 \u00a0 100\u2103\u00d724h\u00d710d<\/li>\n<li>After Aging Tensile Strength (Mpa):\u00a0 \u00a0 \u00a0 \u00a0 \u00a0\u226512.5<\/li>\n<li>After Aging Elongatio (%):\u00a0 \u00a0 \u00a0 \u00a0 \u00a0 \u00a0 \u00a0 \u00a0 \u00a0 \u00a0 \u00a0 \u00a0 \u2265300<\/li>\n<li>Cold Bend (-20\u00b12\u2103\u00d74h):\u00a0 \u00a0 \u00a0 \u00a0 \u00a0 \u00a0 \u00a0 \u00a0 \u00a0 \u00a0 \u00a0 \u00a0 8 \u00d7 Cable O.D., No Visible Cracks<\/li>\n<li><\/li>\n<\/ul>\n<p><strong>AISLAMIENTO DE CADA CONDUCTOR :<\/strong><\/p>\n<ul>\n<li>Par #1:\u00a0<span class=\"JsGRdQ\">Azul &amp; Azul\/ Blanco<\/span><\/li>\n<li>Par #2:\u00a0<span class=\"JsGRdQ\">Anaranjado &amp; Anaranjado \/ Blanco<\/span><\/li>\n<li>Par #3:\u00a0<span class=\"JsGRdQ\">Verde &amp; Verde \/ Blanco<\/span><\/li>\n<li>Par #4:\u00a0<span class=\"JsGRdQ\">Marr\u00f3n &amp; Marr\u00f3n \/ Blanco<\/span><\/li>\n<\/ul>\n<p><strong>NORMA:<\/strong><\/p>\n<p>ISO\/IEC11801\u3001TIA-568-C.2<\/p>\n<p><strong>CERTIFICACI\u00d3N:<\/strong><\/p>\n<p>CE, RoSH,\u00a0 ISO9001<\/p>\n<p>&nbsp;<\/p>\n<p><img decoding=\"async\" class=\"\" src=\"https:\/\/img-en.fs.com\/includes\/templates\/fiberstore\/images\/authentication_icon\/ctn_tip_trigger.icon_04.svg\" width=\"95\" height=\"68\" \/>\u00a0 \u00a0<img decoding=\"async\" class=\"alignnone wp-image-4757\" src=\"https:\/\/ltusaperu.com\/wp-content\/uploads\/2021\/03\/iso-9002.png\" alt=\"\" width=\"80\" height=\"80\" srcset=\"https:\/\/putinza.com\/web2\/wp-content\/uploads\/2021\/03\/iso-9002.png 123w, https:\/\/putinza.com\/web2\/wp-content\/uploads\/2021\/03\/iso-9002-100x100.png 100w\" sizes=\"(max-width: 80px) 100vw, 80px\" \/>\u00a0 \u00a0<img decoding=\"async\" class=\"alignnone wp-image-4532\" src=\"https:\/\/ltusaperu.com\/wp-content\/uploads\/2021\/03\/rosh-1.png\" alt=\"\" width=\"146\" height=\"68\" \/><\/p>\n","protected":false},"excerpt":{"rendered":"<p>Categor\u00eda: F\/UTP CAT6<\/p>\n<p>Aplicaci\u00f3n: Exterior<\/p>\n<p>Estructura: 23 AWG<\/p>\n<p>Material: Cobre s\u00f3lido 100%<\/p>\n<p>Chaqueta: LDPE (complies RoHS)<\/p>\n<p>Medida: 305 \u00b1 1.5 m<\/p>\n<p>Color: negro<\/p>\n<p>Certificado: \u00a0CE, Reach y RoHS, ISO9001<\/p>\n","protected":false},"featured_media":5889,"comment_status":"open","ping_status":"closed","template":"","meta":[],"product_brand":[146],"product_cat":[308,15],"product_tag":[309,310,311],"class_list":{"0":"post-5888","1":"product","2":"type-product","3":"status-publish","4":"has-post-thumbnail","6":"product_brand-lt-usa","7":"product_cat-cable-ftp","8":"product_cat-todaslascategorias","9":"product_tag-f-utp","10":"product_tag-ftp-cat6","11":"product_tag-ftp-cat6-23awg","13":"first","14":"instock","15":"taxable","16":"shipping-taxable","17":"purchasable","18":"product-type-simple","19":"col-xs-6 col-sm-4","20":"col-md-3 col-lg-3","21":"un-4-cols"},"_links":{"self":[{"href":"https:\/\/putinza.com\/web2\/wp-json\/wp\/v2\/product\/5888","targetHints":{"allow":["GET"]}}],"collection":[{"href":"https:\/\/putinza.com\/web2\/wp-json\/wp\/v2\/product"}],"about":[{"href":"https:\/\/putinza.com\/web2\/wp-json\/wp\/v2\/types\/product"}],"replies":[{"embeddable":true,"href":"https:\/\/putinza.com\/web2\/wp-json\/wp\/v2\/comments?post=5888"}],"wp:featuredmedia":[{"embeddable":true,"href":"https:\/\/putinza.com\/web2\/wp-json\/wp\/v2\/media\/5889"}],"wp:attachment":[{"href":"https:\/\/putinza.com\/web2\/wp-json\/wp\/v2\/media?parent=5888"}],"wp:term":[{"taxonomy":"product_brand","embeddable":true,"href":"https:\/\/putinza.com\/web2\/wp-json\/wp\/v2\/product_brand?post=5888"},{"taxonomy":"product_cat","embeddable":true,"href":"https:\/\/putinza.com\/web2\/wp-json\/wp\/v2\/product_cat?post=5888"},{"taxonomy":"product_tag","embeddable":true,"href":"https:\/\/putinza.com\/web2\/wp-json\/wp\/v2\/product_tag?post=5888"}],"curies":[{"name":"wp","href":"https:\/\/api.w.org\/{rel}","templated":true}]}}