{"id":6029,"date":"2023-08-16T20:06:43","date_gmt":"2023-08-16T20:06:43","guid":{"rendered":"https:\/\/ltusaperu.com\/?post_type=product&#038;p=6029"},"modified":"2023-08-16T20:09:36","modified_gmt":"2023-08-16T20:09:36","slug":"tablero-hermetico-plastico-cdn4g-libre-de-halogeno-ip65-4-polos-adosable","status":"publish","type":"product","link":"https:\/\/putinza.com\/web2\/product\/tablero-hermetico-plastico-cdn4g-libre-de-halogeno-ip65-4-polos-adosable\/","title":{"rendered":"Tablero Herm\u00e9tico pl\u00e1stico CDN4G libre de hal\u00f3geno IP65 4 Polos Adosable"},"content":{"rendered":"<p><strong>Fabricados con material de pl\u00e1stico libre de hal\u00f3genos de la m\u00e1s alta calidad. Destinadas al entornos industriales y exteriores. Industrias, sector fotovoltaico, almacenes, garajes, all\u00ed donde se requiere un alto grado de protecci\u00f3n frente al polvo, salpicaduras e impactos.<\/strong><\/p>\n<h4>MODELOS Y DIMENSIONES:<\/h4>\n<p><strong>CDN4G<\/strong>\u00a0 \u00a0Tablero herm\u00e9tico pl\u00e1stico Cofret de distribuci\u00f3n IP65 policarbonato, libre de hal\u00f3geno, 4 polos adosable.<\/p>\n<p>Dim. exteriores (Alto x Ancho x Prof.): 177x102x105 mm<\/p>\n<p>Peso (kg): 0,35<\/p>\n<h4>CARACTER\u00cdSTICA:<\/h4>\n<ul>\n<li>Modulos:\u00a0 \u00a0 \u00a0 \u00a0 \u00a0 \u00a0 \u00a0 1&#215;4 ra\u00edl DIN<\/li>\n<li>Instalaci\u00f3n :\u00a0 \u00a0 \u00a0 \u00a0 \u00a0Superficie<\/li>\n<li>Color:\u00a0 \u00a0 \u00a0 \u00a0 \u00a0 \u00a0 \u00a0 \u00a0 \u00a0 RAL 7035<\/li>\n<li>Tipo de ventana:\u00a0 Transparente<\/li>\n<li>Materiales:\u00a0 \u00a0 \u00a0 \u00a0 \u00a0 \u00a0Materiales pl\u00e1sticos libres de hal\u00f3genos. Marco y base: ABS. Protecci\u00f3n UV seg\u00fan norma<br \/>\nISO 4892-2, M\u00e9todo A: 500h<\/li>\n<\/ul>\n<h4>FICHA T\u00c9CNICA:<\/h4>\n<ul>\n<li>Grado de protecci\u00f3n:\u00a0 \u00a0 \u00a0 \u00a0 \u00a0 \u00a0 \u00a0 \u00a0 \u00a0 \u00a0IP65<\/li>\n<li>Resistencia al impacto:\u00a0 \u00a0 \u00a0 \u00a0 \u00a0 \u00a0 \u00a0 \u00a0 IK08<\/li>\n<li>Resistencia al hilo incandescente: 650 \u00baC<\/li>\n<li>Presi\u00f3n de bola:\u00a0 \u00a0 \u00a0 \u00a0 \u00a0 \u00a0 \u00a0 \u00a0 \u00a0 \u00a0 \u00a0 \u00a0 \u00a0 70 \u00baC<\/li>\n<li>Rango de temperatura ambiente: -25\u00baC \/ +40\u00baC<\/li>\n<li>Tensi\u00f3n m\u00e1xima de empleo:\u00a0 \u00a0 \u00a0 \u00a0 \u00a01000 V AC \/ 1500 V DC<\/li>\n<li>Doble aislamiento:\u00a0 \u00a0 \u00a0 \u00a0 \u00a0 \u00a0 \u00a0 \u00a0 \u00a0 \u00a0 \u00a0Clase II<\/li>\n<\/ul>\n<h4>CERTIFICADOS Y NORMAS:<\/h4>\n<ul>\n<li>Directiva baja tensi\u00f3n: 2014\/35\/EU<\/li>\n<li>Normas: UNE-EN 62208 Y UNE-EN 61439-1<\/li>\n<\/ul>\n<p><img decoding=\"async\" class=\"alignnone wp-image-4533\" src=\"https:\/\/ltusaperu.com\/wp-content\/uploads\/2021\/03\/reach.png\" alt=\"\" width=\"107\" height=\"93\" \/> <img decoding=\"async\" class=\"alignnone wp-image-4532\" src=\"https:\/\/ltusaperu.com\/wp-content\/uploads\/2021\/03\/rosh-1.png\" alt=\"\" width=\"96\" height=\"45\" \/> <img decoding=\"async\" class=\"alignnone wp-image-4534\" src=\"https:\/\/ltusaperu.com\/wp-content\/uploads\/2021\/03\/ce.png\" alt=\"\" width=\"63\" height=\"50\" \/> <img loading=\"lazy\" decoding=\"async\" class=\"alignnone wp-image-4535\" src=\"https:\/\/ltusaperu.com\/wp-content\/uploads\/2021\/03\/halogen.png\" alt=\"\" width=\"114\" height=\"60\" \/> <img loading=\"lazy\" decoding=\"async\" class=\"alignnone wp-image-4536\" src=\"https:\/\/ltusaperu.com\/wp-content\/uploads\/2021\/03\/inet.png\" alt=\"\" width=\"88\" height=\"89\" srcset=\"https:\/\/putinza.com\/web2\/wp-content\/uploads\/2021\/03\/inet.png 129w, https:\/\/putinza.com\/web2\/wp-content\/uploads\/2021\/03\/inet-100x100.png 100w\" sizes=\"(max-width: 88px) 100vw, 88px\" \/> <img loading=\"lazy\" decoding=\"async\" class=\"alignnone wp-image-4537\" src=\"https:\/\/ltusaperu.com\/wp-content\/uploads\/2021\/03\/aenor.png\" alt=\"\" width=\"50\" height=\"91\" \/><\/p>\n","protected":false},"excerpt":{"rendered":"<ul>\n<li><strong>CDN4G<\/strong>\u00a0 \u00a0Tablero herm\u00e9tico pl\u00e1stico Cofret de distribuci\u00f3n IP65 policarbonato, libre de hal\u00f3geno, 4 polos adosable.<\/li>\n<li>Material: Pl\u00e1sticos libres de hal\u00f3genos. Protecci\u00f3n UV seg\u00fan norma ISO 4892-2.<\/li>\n<li>Modulos: 1&#215;4 ra\u00edl DIN<\/li>\n<li>Grado de protecci\u00f3n: IP65<\/li>\n<li>Color: RAL 7035<\/li>\n<li>Resistencia al impacto: IK08<\/li>\n<li>Dim. exteriores (Alto x Ancho x Prof.): 177x102x105 mm<\/li>\n<li>Resistencia al hilo incandescente: 650 \u00baC<\/li>\n<li>Rango de temperatura ambiente: -25\u00baC \/ +40\u00baC<\/li>\n<\/ul>\n<p><a href=\"https:\/\/ltusaperu.com\/wp-content\/uploads\/2022\/02\/FICHA-TECNICA-CDN4G-1.pdf\"><img loading=\"lazy\" decoding=\"async\" class=\"\" src=\"https:\/\/www.isurki.com\/img\/pdf%20ficha%20tecnica%20(1).png\" alt=\"IRIS TIMER\" width=\"173\" height=\"67\" \/><\/a><\/p>\n<p><a href=\"https:\/\/ltusaperu.com\/wp-content\/uploads\/2013\/06\/Catalogo-Serie-CDP-Exterior.pdf\"><img loading=\"lazy\" decoding=\"async\" class=\"alignnone\" src=\"https:\/\/www.totalcleanlimpieza.com\/wp-content\/uploads\/2016\/02\/descargar-catalogo.png\" alt=\"Cat\u00e1logo de Tablero IP65 industrial\" width=\"176\" height=\"72\" \/><\/a><\/p>\n","protected":false},"featured_media":6028,"comment_status":"open","ping_status":"closed","template":"","meta":[],"product_brand":[57],"product_cat":[113,53,15],"product_tag":[336,213,211,219,339,338,337],"class_list":{"0":"post-6029","1":"product","2":"type-product","3":"status-publish","4":"has-post-thumbnail","6":"product_brand-ide","7":"product_cat-adosables-ip65","8":"product_cat-tableros-plasticos","9":"product_cat-todaslascategorias","10":"product_tag-cdn4g","11":"product_tag-ide","12":"product_tag-tablero-adosable","13":"product_tag-tablero-empotrable","14":"product_tag-tablero-libre-de-halogeno","15":"product_tag-tablero-plastico-ip65","16":"product_tag-tamblero-plastico","18":"first","19":"instock","20":"taxable","21":"shipping-taxable","22":"purchasable","23":"product-type-simple","24":"col-xs-6 col-sm-4","25":"col-md-3 col-lg-3","26":"un-4-cols"},"_links":{"self":[{"href":"https:\/\/putinza.com\/web2\/wp-json\/wp\/v2\/product\/6029","targetHints":{"allow":["GET"]}}],"collection":[{"href":"https:\/\/putinza.com\/web2\/wp-json\/wp\/v2\/product"}],"about":[{"href":"https:\/\/putinza.com\/web2\/wp-json\/wp\/v2\/types\/product"}],"replies":[{"embeddable":true,"href":"https:\/\/putinza.com\/web2\/wp-json\/wp\/v2\/comments?post=6029"}],"wp:featuredmedia":[{"embeddable":true,"href":"https:\/\/putinza.com\/web2\/wp-json\/wp\/v2\/media\/6028"}],"wp:attachment":[{"href":"https:\/\/putinza.com\/web2\/wp-json\/wp\/v2\/media?parent=6029"}],"wp:term":[{"taxonomy":"product_brand","embeddable":true,"href":"https:\/\/putinza.com\/web2\/wp-json\/wp\/v2\/product_brand?post=6029"},{"taxonomy":"product_cat","embeddable":true,"href":"https:\/\/putinza.com\/web2\/wp-json\/wp\/v2\/product_cat?post=6029"},{"taxonomy":"product_tag","embeddable":true,"href":"https:\/\/putinza.com\/web2\/wp-json\/wp\/v2\/product_tag?post=6029"}],"curies":[{"name":"wp","href":"https:\/\/api.w.org\/{rel}","templated":true}]}}