{"id":6048,"date":"2023-08-29T16:16:52","date_gmt":"2023-08-29T16:16:52","guid":{"rendered":"https:\/\/ltusaperu.com\/?post_type=product&#038;p=6048"},"modified":"2023-08-29T16:18:27","modified_gmt":"2023-08-29T16:18:27","slug":"patch-panel-48p-cat6-modular-19-2ru-pp-48p-cat6","status":"publish","type":"product","link":"https:\/\/putinza.com\/web2\/product\/patch-panel-48p-cat6-modular-19-2ru-pp-48p-cat6\/","title":{"rendered":"Patch panel 48P CAT6  modular 19&#8243; 2RU PP-48P-CAT6"},"content":{"rendered":"<ul>\n<li>Patch Panel de 48 puertos CAT5E CAT6. CAT 6-A<\/li>\n<li>Formato rack 19&#8243; en 2RU<\/li>\n<li>Tuercas enjauladas y cintillos mini incluidas.<\/li>\n<li>Cada puerto est\u00e1 numerado e incluye espacio para etiqueta.<\/li>\n<li>Resistente a impactos y al degradado gracias a su construcci\u00f3n en acero contratamiento anticorrosi\u00f3n.<\/li>\n<li>Cumple EIA\/TIA 568A, 568B.<\/li>\n<\/ul>\n","protected":false},"excerpt":{"rendered":"<p>Patch Panel de 48 puertos CAT5E CAT6. CAT 6-A Formato rack 19&#8243; en 2RU Tuercas enjauladas y cintillos mini incluidas. Cada puerto est\u00e1 numerado e incluye espacio para etiqueta. Resistente a impactos y al degradado gracias a su construcci\u00f3n en acero contratamiento anticorrosi\u00f3n. Cumple EIA\/TIA 568A, 568B.<\/p>\n","protected":false},"featured_media":6049,"comment_status":"open","ping_status":"closed","template":"","meta":[],"product_brand":[146],"product_cat":[293,15],"product_tag":[],"class_list":{"0":"post-6048","1":"product","2":"type-product","3":"status-publish","4":"has-post-thumbnail","6":"product_brand-lt-usa","7":"product_cat-conectividad-diverso","8":"product_cat-todaslascategorias","10":"first","11":"instock","12":"taxable","13":"shipping-taxable","14":"purchasable","15":"product-type-simple","16":"col-xs-6 col-sm-4","17":"col-md-3 col-lg-3","18":"un-4-cols"},"_links":{"self":[{"href":"https:\/\/putinza.com\/web2\/wp-json\/wp\/v2\/product\/6048","targetHints":{"allow":["GET"]}}],"collection":[{"href":"https:\/\/putinza.com\/web2\/wp-json\/wp\/v2\/product"}],"about":[{"href":"https:\/\/putinza.com\/web2\/wp-json\/wp\/v2\/types\/product"}],"replies":[{"embeddable":true,"href":"https:\/\/putinza.com\/web2\/wp-json\/wp\/v2\/comments?post=6048"}],"wp:featuredmedia":[{"embeddable":true,"href":"https:\/\/putinza.com\/web2\/wp-json\/wp\/v2\/media\/6049"}],"wp:attachment":[{"href":"https:\/\/putinza.com\/web2\/wp-json\/wp\/v2\/media?parent=6048"}],"wp:term":[{"taxonomy":"product_brand","embeddable":true,"href":"https:\/\/putinza.com\/web2\/wp-json\/wp\/v2\/product_brand?post=6048"},{"taxonomy":"product_cat","embeddable":true,"href":"https:\/\/putinza.com\/web2\/wp-json\/wp\/v2\/product_cat?post=6048"},{"taxonomy":"product_tag","embeddable":true,"href":"https:\/\/putinza.com\/web2\/wp-json\/wp\/v2\/product_tag?post=6048"}],"curies":[{"name":"wp","href":"https:\/\/api.w.org\/{rel}","templated":true}]}}