{"id":6063,"date":"2023-08-29T17:39:45","date_gmt":"2023-08-29T17:39:45","guid":{"rendered":"https:\/\/ltusaperu.com\/?post_type=product&#038;p=6063"},"modified":"2023-08-29T17:39:45","modified_gmt":"2023-08-29T17:39:45","slug":"jack-cat-6a-stp-rj-45-180-grados-toolless-type-lt-j6a-m","status":"publish","type":"product","link":"https:\/\/putinza.com\/web2\/product\/jack-cat-6a-stp-rj-45-180-grados-toolless-type-lt-j6a-m\/","title":{"rendered":"Jack CAT.6A STP RJ-45, 180 grados, Toolless type LT-J6A-M"},"content":{"rendered":"<p><strong>DESCRIPCI\u00d3N<\/strong><\/p>\n<p>Dise\u00f1ado con tecnolog\u00eda de marco de plomo, la serie KJ18F elimina posibles fallas de placa de circuito impreso, mejora la consistencia en el rendimiento y se adapta con precisi\u00f3n a las salidas del \u00e1rea de trabajo. Estos conectores est\u00e1n codificados por colores para los est\u00e1ndares 568A y 568B; la serie KJ18F es una soluci\u00f3n perfecta para 10G en entornos de datos y voz.<\/p>\n","protected":false},"excerpt":{"rendered":"<ul>\n<li>Categor\u00eda\u00a0 \u00a0 \u00a0 \u00a0 \u00a0 \u00a0 \u00a0 \u00a0 \u00a0: 6A<\/li>\n<li>N\u00famero de Parte\u00a0 \u00a0 \u00a0 : 6AKJ18F<\/li>\n<li>Tipo de terminaci\u00f3n\u00a0 : IDC | UL 94V2, pl\u00e1stico<\/li>\n<\/ul>\n","protected":false},"featured_media":6064,"comment_status":"open","ping_status":"closed","template":"","meta":[],"product_brand":[146],"product_cat":[80,15],"product_tag":[345],"class_list":{"0":"post-6063","1":"product","2":"type-product","3":"status-publish","4":"has-post-thumbnail","6":"product_brand-lt-usa","7":"product_cat-jack-dado-y-poncheo","8":"product_cat-todaslascategorias","9":"product_tag-jack","11":"first","12":"instock","13":"taxable","14":"shipping-taxable","15":"purchasable","16":"product-type-simple","17":"col-xs-6 col-sm-4","18":"col-md-3 col-lg-3","19":"un-4-cols"},"_links":{"self":[{"href":"https:\/\/putinza.com\/web2\/wp-json\/wp\/v2\/product\/6063","targetHints":{"allow":["GET"]}}],"collection":[{"href":"https:\/\/putinza.com\/web2\/wp-json\/wp\/v2\/product"}],"about":[{"href":"https:\/\/putinza.com\/web2\/wp-json\/wp\/v2\/types\/product"}],"replies":[{"embeddable":true,"href":"https:\/\/putinza.com\/web2\/wp-json\/wp\/v2\/comments?post=6063"}],"wp:featuredmedia":[{"embeddable":true,"href":"https:\/\/putinza.com\/web2\/wp-json\/wp\/v2\/media\/6064"}],"wp:attachment":[{"href":"https:\/\/putinza.com\/web2\/wp-json\/wp\/v2\/media?parent=6063"}],"wp:term":[{"taxonomy":"product_brand","embeddable":true,"href":"https:\/\/putinza.com\/web2\/wp-json\/wp\/v2\/product_brand?post=6063"},{"taxonomy":"product_cat","embeddable":true,"href":"https:\/\/putinza.com\/web2\/wp-json\/wp\/v2\/product_cat?post=6063"},{"taxonomy":"product_tag","embeddable":true,"href":"https:\/\/putinza.com\/web2\/wp-json\/wp\/v2\/product_tag?post=6063"}],"curies":[{"name":"wp","href":"https:\/\/api.w.org\/{rel}","templated":true}]}}