{"id":6067,"date":"2023-08-31T17:51:13","date_gmt":"2023-08-31T17:51:13","guid":{"rendered":"https:\/\/ltusaperu.com\/?post_type=product&#038;p=6067"},"modified":"2023-08-31T17:51:14","modified_gmt":"2023-08-31T17:51:14","slug":"socket-plastico-rosca-e27-220vac-6amp-plano-lt-269","status":"publish","type":"product","link":"https:\/\/putinza.com\/web2\/product\/socket-plastico-rosca-e27-220vac-6amp-plano-lt-269\/","title":{"rendered":"Socket Plastico Rosca E27 220VAC 6AMP PLANO LT-269"},"content":{"rendered":"<p>Descripci\u00f3n :<\/p>\n<p>Producto oval plano, de dos cuerpos para una mejor instalaci\u00f3n. Capacidad m\u00e1xima de operaci\u00f3n: 150 W.<br \/>\nVoltaje: 250 V. Sin tornillos a la vista. Flexible. Mayor \u00e1rea de cobertura. Placa decorativa regulable.<br \/>\nDise\u00f1o moderno. Bornes autom\u00e1ticos. F\u00e1cil instalaci\u00f3n y desinstalaci\u00f3n.<\/p>\n","protected":false},"excerpt":{"rendered":"<ul>\n<li>Marca\u00a0 \u00a0 \u00a0 \u00a0 \u00a0 \u00a0 \u00a0: LT USA<\/li>\n<li>Material\u00a0 \u00a0 \u00a0 \u00a0 \u00a0 : Termopl\u00e1stico<\/li>\n<li>Di\u00e1metro\u00a0 \u00a0 \u00a0 \u00a0 : 12 cm<\/li>\n<li>Tipo de rosca\u00a0 : E27<\/li>\n<li>Color\u00a0 \u00a0 \u00a0 \u00a0 \u00a0 \u00a0 \u00a0 : Blanco<\/li>\n<\/ul>\n","protected":false},"featured_media":6068,"comment_status":"open","ping_status":"closed","template":"","meta":[],"product_brand":[146],"product_cat":[340,15],"product_tag":[149,344],"class_list":{"0":"post-6067","1":"product","2":"type-product","3":"status-publish","4":"has-post-thumbnail","6":"product_brand-lt-usa","7":"product_cat-electricidad","8":"product_cat-todaslascategorias","9":"product_tag-electricidad","10":"product_tag-socket","12":"first","13":"instock","14":"taxable","15":"shipping-taxable","16":"purchasable","17":"product-type-simple","18":"col-xs-6 col-sm-4","19":"col-md-3 col-lg-3","20":"un-4-cols"},"_links":{"self":[{"href":"https:\/\/putinza.com\/web2\/wp-json\/wp\/v2\/product\/6067","targetHints":{"allow":["GET"]}}],"collection":[{"href":"https:\/\/putinza.com\/web2\/wp-json\/wp\/v2\/product"}],"about":[{"href":"https:\/\/putinza.com\/web2\/wp-json\/wp\/v2\/types\/product"}],"replies":[{"embeddable":true,"href":"https:\/\/putinza.com\/web2\/wp-json\/wp\/v2\/comments?post=6067"}],"wp:featuredmedia":[{"embeddable":true,"href":"https:\/\/putinza.com\/web2\/wp-json\/wp\/v2\/media\/6068"}],"wp:attachment":[{"href":"https:\/\/putinza.com\/web2\/wp-json\/wp\/v2\/media?parent=6067"}],"wp:term":[{"taxonomy":"product_brand","embeddable":true,"href":"https:\/\/putinza.com\/web2\/wp-json\/wp\/v2\/product_brand?post=6067"},{"taxonomy":"product_cat","embeddable":true,"href":"https:\/\/putinza.com\/web2\/wp-json\/wp\/v2\/product_cat?post=6067"},{"taxonomy":"product_tag","embeddable":true,"href":"https:\/\/putinza.com\/web2\/wp-json\/wp\/v2\/product_tag?post=6067"}],"curies":[{"name":"wp","href":"https:\/\/api.w.org\/{rel}","templated":true}]}}