{"id":6088,"date":"2023-09-04T16:19:24","date_gmt":"2023-09-04T16:19:24","guid":{"rendered":"https:\/\/ltusaperu.com\/?post_type=product&#038;p=6088"},"modified":"2023-09-04T16:19:24","modified_gmt":"2023-09-04T16:19:24","slug":"adaptador-acoplador-sc-upc-simplex-er-sc-mon","status":"publish","type":"product","link":"https:\/\/putinza.com\/web2\/product\/adaptador-acoplador-sc-upc-simplex-er-sc-mon\/","title":{"rendered":"Adaptador\/acoplador SC-UPC Simplex. ER-SC-MON"},"content":{"rendered":"<p><strong>CARACTERISTICAS DEL PRODUCTO :<\/strong><\/p>\n<ul>\n<li>Tipo de fibra : Modo singular<\/li>\n<li>Tipo de canal : S\u00edmplex<\/li>\n<li>Durabilidad de apareamiento : 1000 apareamientos<\/li>\n<li>Color : Azul<\/li>\n<li>P\u00e9rdida de inserci\u00f3n : 0.2dB<\/li>\n<li>Alojamiento : El plastico<\/li>\n<li>Material de la manga : Zirconia<\/li>\n<li>Temperatura de funcionamiento : -20 ~ +80<\/li>\n<\/ul>\n","protected":false},"excerpt":{"rendered":"<ul>\n<li>Cumple con la norma IEC 61754.<\/li>\n<li>Manguito cer\u00e1mico de zirconio para una alineaci\u00f3n de alta precisi\u00f3n.<\/li>\n<li>De color Azul<\/li>\n<li>Baja p\u00e9rdida de inserci\u00f3n, alta p\u00e9rdida de retorno y capacidad de reconexi\u00f3n mejora.<br \/>\nMateriales compatibles con RoHS2.<\/li>\n<li>Adaptador Simplex.<\/li>\n<\/ul>\n","protected":false},"featured_media":6087,"comment_status":"open","ping_status":"closed","template":"","meta":[],"product_brand":[343],"product_cat":[312,15],"product_tag":[],"class_list":{"0":"post-6088","1":"product","2":"type-product","3":"status-publish","4":"has-post-thumbnail","6":"product_brand-el-roi","7":"product_cat-fibra-optica","8":"product_cat-todaslascategorias","10":"first","11":"instock","12":"taxable","13":"shipping-taxable","14":"purchasable","15":"product-type-simple","16":"col-xs-6 col-sm-4","17":"col-md-3 col-lg-3","18":"un-4-cols"},"_links":{"self":[{"href":"https:\/\/putinza.com\/web2\/wp-json\/wp\/v2\/product\/6088","targetHints":{"allow":["GET"]}}],"collection":[{"href":"https:\/\/putinza.com\/web2\/wp-json\/wp\/v2\/product"}],"about":[{"href":"https:\/\/putinza.com\/web2\/wp-json\/wp\/v2\/types\/product"}],"replies":[{"embeddable":true,"href":"https:\/\/putinza.com\/web2\/wp-json\/wp\/v2\/comments?post=6088"}],"wp:featuredmedia":[{"embeddable":true,"href":"https:\/\/putinza.com\/web2\/wp-json\/wp\/v2\/media\/6087"}],"wp:attachment":[{"href":"https:\/\/putinza.com\/web2\/wp-json\/wp\/v2\/media?parent=6088"}],"wp:term":[{"taxonomy":"product_brand","embeddable":true,"href":"https:\/\/putinza.com\/web2\/wp-json\/wp\/v2\/product_brand?post=6088"},{"taxonomy":"product_cat","embeddable":true,"href":"https:\/\/putinza.com\/web2\/wp-json\/wp\/v2\/product_cat?post=6088"},{"taxonomy":"product_tag","embeddable":true,"href":"https:\/\/putinza.com\/web2\/wp-json\/wp\/v2\/product_tag?post=6088"}],"curies":[{"name":"wp","href":"https:\/\/api.w.org\/{rel}","templated":true}]}}