{"id":6166,"date":"2023-09-12T23:08:48","date_gmt":"2023-09-12T23:08:48","guid":{"rendered":"https:\/\/ltusaperu.com\/?post_type=product&#038;p=6166"},"modified":"2023-09-12T23:08:48","modified_gmt":"2023-09-12T23:08:48","slug":"accesorio-dado-doble-tomacorriente-tierra-p-pared-15a-120-250v-lt138tr","status":"publish","type":"product","link":"https:\/\/putinza.com\/web2\/product\/accesorio-dado-doble-tomacorriente-tierra-p-pared-15a-120-250v-lt138tr\/","title":{"rendered":"ACCESORIO  DADO DOBLE TOMACORRIENTE + TIERRA P\/ PARED 15A 120-250V LT138TR"},"content":{"rendered":"<p>Dado tomacorriente universal con L\u00ednea Tierra son muy resistente a los golpes. Ideal para conexiones el\u00e9ctricas. Para instalaciones dom\u00e9sticas de uso interno.<\/p>\n","protected":false},"excerpt":{"rendered":"<ul>\n<li>Marca : LT USA<\/li>\n<li>Material : Poliuretano<\/li>\n<li>Voltaje : 220 V<\/li>\n<li>Amperaje : 15 AMP<\/li>\n<li>Color : Blanco<\/li>\n<li>Caja : x 160 pcs. (20 cajita de 8 pcs)<\/li>\n<\/ul>\n","protected":false},"featured_media":6167,"comment_status":"open","ping_status":"closed","template":"","meta":[],"product_brand":[146],"product_cat":[340,15],"product_tag":[],"class_list":{"0":"post-6166","1":"product","2":"type-product","3":"status-publish","4":"has-post-thumbnail","6":"product_brand-lt-usa","7":"product_cat-electricidad","8":"product_cat-todaslascategorias","10":"first","11":"instock","12":"taxable","13":"shipping-taxable","14":"purchasable","15":"product-type-simple","16":"col-xs-6 col-sm-4","17":"col-md-3 col-lg-3","18":"un-4-cols"},"_links":{"self":[{"href":"https:\/\/putinza.com\/web2\/wp-json\/wp\/v2\/product\/6166","targetHints":{"allow":["GET"]}}],"collection":[{"href":"https:\/\/putinza.com\/web2\/wp-json\/wp\/v2\/product"}],"about":[{"href":"https:\/\/putinza.com\/web2\/wp-json\/wp\/v2\/types\/product"}],"replies":[{"embeddable":true,"href":"https:\/\/putinza.com\/web2\/wp-json\/wp\/v2\/comments?post=6166"}],"wp:featuredmedia":[{"embeddable":true,"href":"https:\/\/putinza.com\/web2\/wp-json\/wp\/v2\/media\/6167"}],"wp:attachment":[{"href":"https:\/\/putinza.com\/web2\/wp-json\/wp\/v2\/media?parent=6166"}],"wp:term":[{"taxonomy":"product_brand","embeddable":true,"href":"https:\/\/putinza.com\/web2\/wp-json\/wp\/v2\/product_brand?post=6166"},{"taxonomy":"product_cat","embeddable":true,"href":"https:\/\/putinza.com\/web2\/wp-json\/wp\/v2\/product_cat?post=6166"},{"taxonomy":"product_tag","embeddable":true,"href":"https:\/\/putinza.com\/web2\/wp-json\/wp\/v2\/product_tag?post=6166"}],"curies":[{"name":"wp","href":"https:\/\/api.w.org\/{rel}","templated":true}]}}